{"id":79,"date":"2023-10-10T15:33:10","date_gmt":"2023-10-10T18:33:10","guid":{"rendered":"https:\/\/sepid.com.ar\/test\/?post_type=product&#038;p=79"},"modified":"2023-11-03T10:36:33","modified_gmt":"2023-11-03T13:36:33","slug":"aspirador-quirurgico-konsung-9a-26d-30-l-min","status":"publish","type":"product","link":"https:\/\/sepid.com.ar\/test\/?product=aspirador-quirurgico-konsung-9a-26d-30-l-min","title":{"rendered":"Aspirador quir\u00fargico Konsung 9A-26D (30 L\/min)"},"content":{"rendered":"<ul>\n<li style=\"font-weight: 400;\" aria-level=\"1\"><span style=\"font-weight: 400;\">Adopta una bomba de pist\u00f3n sin aceite para evitar la contaminaci\u00f3n por aceite y humo.<\/span><\/li>\n<li style=\"font-weight: 400;\" aria-level=\"1\"><span style=\"font-weight: 400;\">Tecnolog\u00eda antidesbordamiento y gran caudal de bombeo.<\/span><\/li>\n<li style=\"font-weight: 400;\" aria-level=\"1\"><span style=\"font-weight: 400;\">Silencio y rendimiento laboral estable.<\/span><\/li>\n<li style=\"font-weight: 400;\" aria-level=\"1\"><span style=\"font-weight: 400;\">Botella de vidrio de 2.5L \u00d7 2 lavable y esterilizaci\u00f3n disponible.<\/span><\/li>\n<li style=\"font-weight: 400;\" aria-level=\"1\"><span style=\"font-weight: 400;\">Dise\u00f1o estacionario con rueda universal.<\/span><\/li>\n<li style=\"font-weight: 400;\" aria-level=\"1\"><span style=\"font-weight: 400;\">Adecuado para cl\u00ednica y sala de operaciones.<\/span><\/li>\n<li style=\"font-weight: 400;\" aria-level=\"1\"><span style=\"font-weight: 400;\">Cuenta con espacio de almacenamiento en la parte inferior, f\u00e1cil de guardar los interruptores de pedal, el cable de alimentaci\u00f3n, etc.<\/span><\/li>\n<li style=\"font-weight: 400;\" aria-level=\"1\"><span style=\"font-weight: 400;\">Esta m\u00e1quina de succi\u00f3n est\u00e1 compuesta de asiento, tablero, m\u00e1quina de control, bomba, caja, kit de succi\u00f3n interior y jarra, etc. Panel de pl\u00e1stico completo, buen rendimiento anti-erosi\u00f3n, bajo nivel de ruido, gran flujo, el dise\u00f1o opcional de interruptor de pedal y manual proporciona una f\u00e1cil maniobrabilidad y transporte a esta moderna unidad de succi\u00f3n. Puede evitar con \u00e9xito el flujo de fluido de regreso a la bomba debido al mecanismo de control de desbordamiento.\u00a0<\/span><\/li>\n<li style=\"font-weight: 400;\" aria-level=\"1\"><span style=\"font-weight: 400;\">Puede ajustarse a la presi\u00f3n negativa deseada con la ayuda del regulador de presi\u00f3n.<\/span><\/li>\n<\/ul>\n","protected":false},"excerpt":{"rendered":"<p><span style=\"font-weight: 400;\">Aspirador m\u00f3vil de 30L con rueda universal e interruptor de pedal adecuado para uso quir\u00fargico.<\/span><\/p>\n","protected":false},"featured_media":12258,"template":"","meta":{"_joinchat":[]},"product_cat":[20,101],"product_tag":[],"class_list":{"0":"post-79","1":"product","2":"type-product","3":"status-publish","4":"has-post-thumbnail","6":"product_cat-aspiradores-quirurgicos","7":"product_cat-hospitalarios","9":"first","10":"instock","11":"shipping-taxable","12":"product-type-simple"},"_links":{"self":[{"href":"https:\/\/sepid.com.ar\/test\/index.php?rest_route=\/wp\/v2\/product\/79","targetHints":{"allow":["GET"]}}],"collection":[{"href":"https:\/\/sepid.com.ar\/test\/index.php?rest_route=\/wp\/v2\/product"}],"about":[{"href":"https:\/\/sepid.com.ar\/test\/index.php?rest_route=\/wp\/v2\/types\/product"}],"version-history":[{"count":4,"href":"https:\/\/sepid.com.ar\/test\/index.php?rest_route=\/wp\/v2\/product\/79\/revisions"}],"predecessor-version":[{"id":12801,"href":"https:\/\/sepid.com.ar\/test\/index.php?rest_route=\/wp\/v2\/product\/79\/revisions\/12801"}],"wp:featuredmedia":[{"embeddable":true,"href":"https:\/\/sepid.com.ar\/test\/index.php?rest_route=\/wp\/v2\/media\/12258"}],"wp:attachment":[{"href":"https:\/\/sepid.com.ar\/test\/index.php?rest_route=%2Fwp%2Fv2%2Fmedia&parent=79"}],"wp:term":[{"taxonomy":"product_cat","embeddable":true,"href":"https:\/\/sepid.com.ar\/test\/index.php?rest_route=%2Fwp%2Fv2%2Fproduct_cat&post=79"},{"taxonomy":"product_tag","embeddable":true,"href":"https:\/\/sepid.com.ar\/test\/index.php?rest_route=%2Fwp%2Fv2%2Fproduct_tag&post=79"}],"curies":[{"name":"wp","href":"https:\/\/api.w.org\/{rel}","templated":true}]}}