{"id":78,"date":"2023-10-10T15:32:50","date_gmt":"2023-10-10T18:32:50","guid":{"rendered":"https:\/\/sepid.com.ar\/test\/?post_type=product&#038;p=78"},"modified":"2023-11-15T08:49:49","modified_gmt":"2023-11-15T11:49:49","slug":"aspirador-quirurgico-konsung-9a-26b-20-l-min","status":"publish","type":"product","link":"https:\/\/sepid.com.ar\/test\/?product=aspirador-quirurgico-konsung-9a-26b-20-l-min","title":{"rendered":"Aspirador quir\u00fargico Konsung 9A-26B (20 L\/min)"},"content":{"rendered":"<ul>\n<li aria-level=\"1\">Bomba de pist\u00f3n sin aceite, bajo consumo, silencio y rendimiento de trabajo estable.<\/li>\n<li aria-level=\"1\">Dise\u00f1o de rodillo que permite una rotaci\u00f3n de 360 \u200b\u200b\u00b0 para el ahorro de esfuerzo.<\/li>\n<li aria-level=\"1\">Tubo de silicona, resistencia a altas temperaturas, duradero.<\/li>\n<li aria-level=\"1\">Alto voltaje continuo. Presi\u00f3n negativa alta, flujo bajo, para que pueda proteger la mucosa lar\u00edngea de los pacientes y no permita que se lastime. Posee medidor de vac\u00edo de presi\u00f3n negativa circular y el paciente puede ajustar dicho valor seg\u00fan la absorci\u00f3n de esputo requerida.<\/li>\n<li aria-level=\"1\">Tecnolog\u00eda antidesbordamiento y gran caudal de bombeo.<\/li>\n<li aria-level=\"1\">Silencio y rendimiento estable.<\/li>\n<li aria-level=\"1\">Botella de vidrio de 2.5L \u00d7 2 lavable y esterilizaci\u00f3n disponible.<\/li>\n<li aria-level=\"1\">Dise\u00f1o con rueda universal.<\/li>\n<li aria-level=\"1\">Adecuado para cl\u00ednica y sala de operaciones.<\/li>\n<li aria-level=\"1\">Cuenta con interruptores de pedal, c\u00f3modos de operar.<\/li>\n<li>Ajuste autom\u00e1tico de fugas.<\/li>\n<li>Compensaci\u00f3n por altitud.<\/li>\n<li>Funci\u00f3n de retardo en el apagado \u2013 Protege al equipo GII CPAP RESmart de la Humedad depositada en Tubuladura paciente (con humidificador activo).<\/li>\n<li>Funcionamiento silencioso.<\/li>\n<li>Pantalla LCD a color de 2.4 pulgadas.<\/li>\n<li>Tecnolog\u00eda Eco Smart con innovadora c\u00e1mara dual, lo que permite que su humidificador act\u00faa en tiempo real.<\/li>\n<li>Spo2 kit (opcional) visualizaci\u00f3n de pulso y de saturaci\u00f3n de ox\u00edgeno en la sangre.<\/li>\n<\/ul>\n<p>Nivel Sonoro: \u02c2 30 dB\u00a0 (Cuando el dispositivo est\u00e1 funcionando a 10cm H2O)<\/p>\n","protected":false},"excerpt":{"rendered":"<p>M\u00e1quina de succi\u00f3n m\u00f3vil de 20L de alta resistencia con rueda y pedal para uso quir\u00fargico.<\/p>\n","protected":false},"featured_media":12250,"template":"","meta":{"_joinchat":[]},"product_cat":[20,101],"product_tag":[],"class_list":{"0":"post-78","1":"product","2":"type-product","3":"status-publish","4":"has-post-thumbnail","6":"product_cat-aspiradores-quirurgicos","7":"product_cat-hospitalarios","9":"first","10":"instock","11":"shipping-taxable","12":"product-type-simple"},"_links":{"self":[{"href":"https:\/\/sepid.com.ar\/test\/index.php?rest_route=\/wp\/v2\/product\/78","targetHints":{"allow":["GET"]}}],"collection":[{"href":"https:\/\/sepid.com.ar\/test\/index.php?rest_route=\/wp\/v2\/product"}],"about":[{"href":"https:\/\/sepid.com.ar\/test\/index.php?rest_route=\/wp\/v2\/types\/product"}],"version-history":[{"count":4,"href":"https:\/\/sepid.com.ar\/test\/index.php?rest_route=\/wp\/v2\/product\/78\/revisions"}],"predecessor-version":[{"id":13036,"href":"https:\/\/sepid.com.ar\/test\/index.php?rest_route=\/wp\/v2\/product\/78\/revisions\/13036"}],"wp:featuredmedia":[{"embeddable":true,"href":"https:\/\/sepid.com.ar\/test\/index.php?rest_route=\/wp\/v2\/media\/12250"}],"wp:attachment":[{"href":"https:\/\/sepid.com.ar\/test\/index.php?rest_route=%2Fwp%2Fv2%2Fmedia&parent=78"}],"wp:term":[{"taxonomy":"product_cat","embeddable":true,"href":"https:\/\/sepid.com.ar\/test\/index.php?rest_route=%2Fwp%2Fv2%2Fproduct_cat&post=78"},{"taxonomy":"product_tag","embeddable":true,"href":"https:\/\/sepid.com.ar\/test\/index.php?rest_route=%2Fwp%2Fv2%2Fproduct_tag&post=78"}],"curies":[{"name":"wp","href":"https:\/\/api.w.org\/{rel}","templated":true}]}}