{"id":77,"date":"2023-10-10T15:32:08","date_gmt":"2023-10-10T18:32:08","guid":{"rendered":"https:\/\/sepid.com.ar\/test\/?post_type=product&#038;p=77"},"modified":"2023-11-04T08:43:09","modified_gmt":"2023-11-04T11:43:09","slug":"bmc-h-80","status":"publish","type":"product","link":"https:\/\/sepid.com.ar\/test\/?product=bmc-h-80","title":{"rendered":"BMC H-80"},"content":{"rendered":"<p>BMC H-80 EQUIPO DE\u00a0 ALTO FLUJO CON HUMIDIFICADOR<br \/>\nBMC H-80 es un nuevo equipo dise\u00f1ado para la terapia con alto flujo de ox\u00edgeno.<\/p>\n<ul>\n<li aria-level=\"1\">Puede establecer la concentraci\u00f3n objetivo de Ox\u00edgeno, Temperatura y Flujo.<\/li>\n<li aria-level=\"1\">Controla la concentraci\u00f3n de ox\u00edgeno objetivo autom\u00e1ticamente, suministro de 21% a 100%, precisi\u00f3n 1%.<\/li>\n<li aria-level=\"1\">Fuente de ox\u00edgeno que soporta: salida de pared (L\u00ednea), tubo de ox\u00edgeno, generador de ox\u00edgeno.<\/li>\n<li aria-level=\"1\">Sensor de oxigeno ultras\u00f3nico incorporado, no requiere mantenimiento.<\/li>\n<li aria-level=\"1\">Temperatura de humidificaci\u00f3n de 9 etapas: 29\u00b0C a 37\u00b0C, Precisi\u00f3n 1\u00b0C.<\/li>\n<li aria-level=\"1\">HFlow y LFlow dos niveles, 2L\/min- 80 L\/min, puede satisfacer pacientes de la mayor\u00eda de las edades.<\/li>\n<li aria-level=\"1\">Innovadora funci\u00f3n de compensaci\u00f3n de humedad de 7 niveles, que ofrece una compensaci\u00f3n de humedad ajustable de +\/- 3, que hace frente f\u00e1cilmente a diversos entornos de temperatura y humedad hostiles.<\/li>\n<li aria-level=\"1\"><b>Auto Flow\u00a0<\/b>establece los par\u00e1metros de salida flujo autom\u00e1ticamente, depende de la funci\u00f3n del flujo respiratorio m\u00e1ximo (PEF) del paciente, simplifica los pasos de configuraci\u00f3n, aumenta el efecto del tratamiento y mejora la comodidad del paciente.<\/li>\n<li aria-level=\"1\"><b>Smart Flow<\/b>\u00a0sigue cada respiraci\u00f3n del paciente, cambia el flujo entre respiraciones, ofrece un flujo m\u00e1s alto al inhalar y una m\u00e1s bajo al exhalar, similar a un ventilador de 2 niveles, optimiza economizando los recursos de ox\u00edgeno.<\/li>\n<li aria-level=\"1\"><b>Monitoreo<\/b>\u00a0en tiempo real de concentraci\u00f3n de ox\u00edgeno, Flujo, Temperatura, Frecuencia respiratoria, sPEEP.<\/li>\n<li aria-level=\"1\">F\u00e1cil Instalaci\u00f3n y configuraci\u00f3n<\/li>\n<\/ul>\n","protected":false},"excerpt":{"rendered":"<p>El dispositivo de terapia de alto flujo H-80 de la serie Respiratory High-Flow ha sido dise\u00f1ado de manera altamente integrada para abordar diversas necesidades cl\u00ednicas de tratamiento. Esta serie, adecuada para pacientes con respiraci\u00f3n espont\u00e1nea, se destaca en la eficacia al proporcionar un suministro de gas respiratorio con humidificaci\u00f3n y calentamiento precisos, lo que mejora significativamente la atenci\u00f3n de los pacientes.<\/p>\n","protected":false},"featured_media":12242,"template":"","meta":{"_joinchat":[]},"product_cat":[19,101],"product_tag":[],"class_list":{"0":"post-77","1":"product","2":"type-product","3":"status-publish","4":"has-post-thumbnail","6":"product_cat-alto-flujo","7":"product_cat-hospitalarios","9":"first","10":"instock","11":"shipping-taxable","12":"product-type-simple"},"_links":{"self":[{"href":"https:\/\/sepid.com.ar\/test\/index.php?rest_route=\/wp\/v2\/product\/77","targetHints":{"allow":["GET"]}}],"collection":[{"href":"https:\/\/sepid.com.ar\/test\/index.php?rest_route=\/wp\/v2\/product"}],"about":[{"href":"https:\/\/sepid.com.ar\/test\/index.php?rest_route=\/wp\/v2\/types\/product"}],"version-history":[{"count":11,"href":"https:\/\/sepid.com.ar\/test\/index.php?rest_route=\/wp\/v2\/product\/77\/revisions"}],"predecessor-version":[{"id":12241,"href":"https:\/\/sepid.com.ar\/test\/index.php?rest_route=\/wp\/v2\/product\/77\/revisions\/12241"}],"wp:featuredmedia":[{"embeddable":true,"href":"https:\/\/sepid.com.ar\/test\/index.php?rest_route=\/wp\/v2\/media\/12242"}],"wp:attachment":[{"href":"https:\/\/sepid.com.ar\/test\/index.php?rest_route=%2Fwp%2Fv2%2Fmedia&parent=77"}],"wp:term":[{"taxonomy":"product_cat","embeddable":true,"href":"https:\/\/sepid.com.ar\/test\/index.php?rest_route=%2Fwp%2Fv2%2Fproduct_cat&post=77"},{"taxonomy":"product_tag","embeddable":true,"href":"https:\/\/sepid.com.ar\/test\/index.php?rest_route=%2Fwp%2Fv2%2Fproduct_tag&post=77"}],"curies":[{"name":"wp","href":"https:\/\/api.w.org\/{rel}","templated":true}]}}