{"id":75,"date":"2023-10-10T15:31:16","date_gmt":"2023-10-10T18:31:16","guid":{"rendered":"https:\/\/sepid.com.ar\/test\/?post_type=product&#038;p=75"},"modified":"2023-11-04T08:46:24","modified_gmt":"2023-11-04T11:46:24","slug":"konsung-aurora-8-10-12","status":"publish","type":"product","link":"https:\/\/sepid.com.ar\/test\/?product=konsung-aurora-8-10-12","title":{"rendered":"Konsung Aurora 8\/10\/12"},"content":{"rendered":"<p>Los monitores AURORA tienen m\u00faltiples funciones, como el monitoreo de m\u00faltiples par\u00e1metros fisiol\u00f3gicos para pacientes adultos, pedi\u00e1tricos y neonatales en la cama o durante la transferencia intrahospitalaria, revisi\u00f3n de almacenamiento de datos, registro y alarmas. Los par\u00e1metros de monitoreo incluyen: electrocardi\u00f3grafo (ECG), respiraci\u00f3n (RESP), temperatura (TEMP), saturaci\u00f3n de ox\u00edgeno de la sangre arterial (SpO2), frecuencia del pulso (PR), presi\u00f3n arterial no invasiva (NIBP), di\u00f3xido de carbono (CO2), sangre invasiva Presi\u00f3n (IBP) y profundidad de anestesia (qCON).<\/p>\n","protected":false},"excerpt":{"rendered":"<p><span style=\"font-weight: 400;\">Los vers\u00e1tiles monitores AURORA ofrecen una amplia gama de funciones. Adem\u00e1s, brindan capacidades de revisi\u00f3n de almacenamiento de datos, registro de informaci\u00f3n y alertas personalizables.<\/span><\/p>\n","protected":false},"featured_media":12233,"template":"","meta":{"_joinchat":[]},"product_cat":[18],"product_tag":[],"class_list":{"0":"post-75","1":"product","2":"type-product","3":"status-publish","4":"has-post-thumbnail","6":"product_cat-monitores","8":"first","9":"instock","10":"shipping-taxable","11":"product-type-simple"},"_links":{"self":[{"href":"https:\/\/sepid.com.ar\/test\/index.php?rest_route=\/wp\/v2\/product\/75","targetHints":{"allow":["GET"]}}],"collection":[{"href":"https:\/\/sepid.com.ar\/test\/index.php?rest_route=\/wp\/v2\/product"}],"about":[{"href":"https:\/\/sepid.com.ar\/test\/index.php?rest_route=\/wp\/v2\/types\/product"}],"version-history":[{"count":3,"href":"https:\/\/sepid.com.ar\/test\/index.php?rest_route=\/wp\/v2\/product\/75\/revisions"}],"predecessor-version":[{"id":12784,"href":"https:\/\/sepid.com.ar\/test\/index.php?rest_route=\/wp\/v2\/product\/75\/revisions\/12784"}],"wp:featuredmedia":[{"embeddable":true,"href":"https:\/\/sepid.com.ar\/test\/index.php?rest_route=\/wp\/v2\/media\/12233"}],"wp:attachment":[{"href":"https:\/\/sepid.com.ar\/test\/index.php?rest_route=%2Fwp%2Fv2%2Fmedia&parent=75"}],"wp:term":[{"taxonomy":"product_cat","embeddable":true,"href":"https:\/\/sepid.com.ar\/test\/index.php?rest_route=%2Fwp%2Fv2%2Fproduct_cat&post=75"},{"taxonomy":"product_tag","embeddable":true,"href":"https:\/\/sepid.com.ar\/test\/index.php?rest_route=%2Fwp%2Fv2%2Fproduct_tag&post=75"}],"curies":[{"name":"wp","href":"https:\/\/api.w.org\/{rel}","templated":true}]}}