{"id":74,"date":"2023-10-10T15:30:45","date_gmt":"2023-10-10T18:30:45","guid":{"rendered":"https:\/\/sepid.com.ar\/test\/?post_type=product&#038;p=74"},"modified":"2023-11-04T08:56:03","modified_gmt":"2023-11-04T11:56:03","slug":"oxymag-transporte-y-emergencia","status":"publish","type":"product","link":"https:\/\/sepid.com.ar\/test\/?product=oxymag-transporte-y-emergencia","title":{"rendered":"Oxymag (Transporte y Emergencia)"},"content":{"rendered":"<p><span style=\"font-weight: 400;\">Oxymag &#8211; Ventilador Electr\u00f3nico de Transporte y Emergencia de MAGNAMED &#8211; pertenece a la familia de equipos para soporte de ventilaci\u00f3n de pacientes con insuficiencia respiratoria, controlada a volumen, a presi\u00f3n y con la ejecuci\u00f3n del ciclo a tempo que atiende desde paciente neonatal, infantil, adulto y adultos portadores de obesidad m\u00f3rbida. Puede ser utilizado en medicina de urgencia para atenci\u00f3n en campo, asistencia primaria, rescates; En post-operatorios, Transporte intrahospitalario e interhospitalario<\/span><\/p>\n<p><span style=\"font-weight: 400;\">CARACTERISTICAS:<\/span><\/p>\n<ul>\n<li style=\"font-weight: 400;\" aria-level=\"1\"><span style=\"font-weight: 400;\">Sistema inteligente de alarmas.<\/span><\/li>\n<li style=\"font-weight: 400;\" aria-level=\"1\"><span style=\"font-weight: 400;\">Bater\u00eda con m\u00e1s de 6,5 horas de autonom\u00eda.<\/span><\/li>\n<li style=\"font-weight: 400;\" aria-level=\"1\"><span style=\"font-weight: 400;\">Monitor de ventilaci\u00f3n completo, con gr\u00e1ficos y valores num\u00e9ricos.<\/span><\/li>\n<li style=\"font-weight: 400;\" aria-level=\"1\"><span style=\"font-weight: 400;\">M\u00faltiples modalidades de ventilaciones: VCV; PCV; PLV; V-SIMV+PS; P-SIMV + PS;DualPAP\/APRV; CPAP\/PSV y NIV.<\/span><\/li>\n<\/ul>\n","protected":false},"excerpt":{"rendered":"<p><span style=\"font-weight: 400;\">Respirador Electr\u00f3nico de Transporte y Emergencia que puede brindar atenci\u00f3n a <\/span><i><span style=\"font-weight: 400;\">pacientes neonatales, infantiles, adultos<\/span><\/i><span style=\"font-weight: 400;\"> e incluso a aquellos con obesidad m\u00f3rbida. Su versatilidad lo hace adecuado para su uso en medicina de urgencia en entornos de <\/span><i><span style=\"font-weight: 400;\">campo, asistencia primaria, rescates<\/span><\/i><span style=\"font-weight: 400;\">, as\u00ed como en <\/span><i><span style=\"font-weight: 400;\">postoperatorios<\/span><\/i><span style=\"font-weight: 400;\"> y en <\/span><i><span style=\"font-weight: 400;\">transporte intrahospitalario e interhospitalario.<\/span><\/i><\/p>\n","protected":false},"featured_media":12230,"template":"","meta":{"_joinchat":[]},"product_cat":[17],"product_tag":[],"class_list":{"0":"post-74","1":"product","2":"type-product","3":"status-publish","4":"has-post-thumbnail","6":"product_cat-respiradores","8":"first","9":"instock","10":"shipping-taxable","11":"product-type-simple"},"_links":{"self":[{"href":"https:\/\/sepid.com.ar\/test\/index.php?rest_route=\/wp\/v2\/product\/74","targetHints":{"allow":["GET"]}}],"collection":[{"href":"https:\/\/sepid.com.ar\/test\/index.php?rest_route=\/wp\/v2\/product"}],"about":[{"href":"https:\/\/sepid.com.ar\/test\/index.php?rest_route=\/wp\/v2\/types\/product"}],"version-history":[{"count":3,"href":"https:\/\/sepid.com.ar\/test\/index.php?rest_route=\/wp\/v2\/product\/74\/revisions"}],"predecessor-version":[{"id":12229,"href":"https:\/\/sepid.com.ar\/test\/index.php?rest_route=\/wp\/v2\/product\/74\/revisions\/12229"}],"wp:featuredmedia":[{"embeddable":true,"href":"https:\/\/sepid.com.ar\/test\/index.php?rest_route=\/wp\/v2\/media\/12230"}],"wp:attachment":[{"href":"https:\/\/sepid.com.ar\/test\/index.php?rest_route=%2Fwp%2Fv2%2Fmedia&parent=74"}],"wp:term":[{"taxonomy":"product_cat","embeddable":true,"href":"https:\/\/sepid.com.ar\/test\/index.php?rest_route=%2Fwp%2Fv2%2Fproduct_cat&post=74"},{"taxonomy":"product_tag","embeddable":true,"href":"https:\/\/sepid.com.ar\/test\/index.php?rest_route=%2Fwp%2Fv2%2Fproduct_tag&post=74"}],"curies":[{"name":"wp","href":"https:\/\/api.w.org\/{rel}","templated":true}]}}