{"id":73,"date":"2023-10-10T15:30:26","date_gmt":"2023-10-10T18:30:26","guid":{"rendered":"https:\/\/sepid.com.ar\/test\/?post_type=product&#038;p=73"},"modified":"2023-11-04T08:44:27","modified_gmt":"2023-11-04T11:44:27","slug":"fleximag-max-uci","status":"publish","type":"product","link":"https:\/\/sepid.com.ar\/test\/?product=fleximag-max-uci","title":{"rendered":"Fleximag Max (UCI)"},"content":{"rendered":"<p><span style=\"font-weight: 400;\">La familia de ventiladores FlexiMag Max 300\u00a0 fue desarrollado para proporcionar soporte ventilatorio invasivo y no invasivo con monitorizaci\u00f3n ventilatoria completa para pacientes neonatales, pedi\u00e1tricos y adultos comprometido de las funciones respiratorias en unidades de terapia intensiva y semi-intensiva, en postoperatorios, en las salas de recuperaci\u00f3n postanest\u00e9sica (RPA), o incluso para el transporte intrahospitalario.<\/span><\/p>\n<ul>\n<li style=\"font-weight: 400;\" aria-level=\"1\"><span style=\"font-weight: 400;\">Terapia de O2. Mayor confort al paciente y menor riesgo de nuevas intubaciones.<\/span><\/li>\n<li style=\"font-weight: 400;\" aria-level=\"1\"><span style=\"font-weight: 400;\">Herramientas de monitorizaci\u00f3n avanzada, como capnograf\u00eda y oximetr\u00eda.<\/span><\/li>\n<li style=\"font-weight: 400;\" aria-level=\"1\"><span style=\"font-weight: 400;\">Monitorizaci\u00f3n de Driving Pressure<\/span><\/li>\n<li style=\"font-weight: 400;\" aria-level=\"1\"><span style=\"font-weight: 400;\">Memoria de las \u00faltimas 240 horas de ventilaci\u00f3n<\/span><\/li>\n<li style=\"font-weight: 400;\" aria-level=\"1\"><span style=\"font-weight: 400;\">Sistema avanzado de comunicaci\u00f3n: USB, Protocolo HL7 y llamado de enfermer\u00eda.<\/span><\/li>\n<\/ul>\n<table class=\"tabla-movil\" border=\"1\">\n<thead>\n<tr>\n<th>Caracter\u00edstica<\/th>\n<th>Max 300<\/th>\n<th>Max 500<\/th>\n<th>Max 700<\/th>\n<\/tr>\n<\/thead>\n<tbody>\n<tr>\n<td>Sistema FlowAir<\/td>\n<td>S\u00ed<\/td>\n<td>No<\/td>\n<td>S\u00ed<\/td>\n<\/tr>\n<tr>\n<td>Red de gases<\/td>\n<td>No<\/td>\n<td>S\u00ed<\/td>\n<td>S\u00ed<\/td>\n<\/tr>\n<tr>\n<td>Modos de ventilaci\u00f3n neonatal<\/td>\n<td>S\u00ed<\/td>\n<td>No<\/td>\n<td>S\u00ed<\/td>\n<\/tr>\n<tr>\n<td>Recursos de destete ventilatorio<\/td>\n<td>S\u00ed<\/td>\n<td>No<\/td>\n<td>S\u00ed<\/td>\n<\/tr>\n<tr>\n<td>Modos de ventilaci\u00f3n avanzados<\/td>\n<td>S\u00ed<\/td>\n<td>No<\/td>\n<td>S\u00ed<\/td>\n<\/tr>\n<\/tbody>\n<\/table>\n","protected":false},"excerpt":{"rendered":"<p><span style=\"font-weight: 400;\">Desarrollado para proporcionar soporte ventilatorio invasivo y no invasivo con monitorizaci\u00f3n ventilatoria completa para pacientes neonatales, pedi\u00e1tricos y adultos.<\/span><\/p>\n","protected":false},"featured_media":12224,"template":"","meta":{"_joinchat":[]},"product_cat":[17],"product_tag":[],"class_list":{"0":"post-73","1":"product","2":"type-product","3":"status-publish","4":"has-post-thumbnail","6":"product_cat-respiradores","8":"first","9":"instock","10":"shipping-taxable","11":"product-type-simple"},"_links":{"self":[{"href":"https:\/\/sepid.com.ar\/test\/index.php?rest_route=\/wp\/v2\/product\/73","targetHints":{"allow":["GET"]}}],"collection":[{"href":"https:\/\/sepid.com.ar\/test\/index.php?rest_route=\/wp\/v2\/product"}],"about":[{"href":"https:\/\/sepid.com.ar\/test\/index.php?rest_route=\/wp\/v2\/types\/product"}],"version-history":[{"count":15,"href":"https:\/\/sepid.com.ar\/test\/index.php?rest_route=\/wp\/v2\/product\/73\/revisions"}],"predecessor-version":[{"id":12838,"href":"https:\/\/sepid.com.ar\/test\/index.php?rest_route=\/wp\/v2\/product\/73\/revisions\/12838"}],"wp:featuredmedia":[{"embeddable":true,"href":"https:\/\/sepid.com.ar\/test\/index.php?rest_route=\/wp\/v2\/media\/12224"}],"wp:attachment":[{"href":"https:\/\/sepid.com.ar\/test\/index.php?rest_route=%2Fwp%2Fv2%2Fmedia&parent=73"}],"wp:term":[{"taxonomy":"product_cat","embeddable":true,"href":"https:\/\/sepid.com.ar\/test\/index.php?rest_route=%2Fwp%2Fv2%2Fproduct_cat&post=73"},{"taxonomy":"product_tag","embeddable":true,"href":"https:\/\/sepid.com.ar\/test\/index.php?rest_route=%2Fwp%2Fv2%2Fproduct_tag&post=73"}],"curies":[{"name":"wp","href":"https:\/\/api.w.org\/{rel}","templated":true}]}}