{"id":71,"date":"2023-10-10T15:02:43","date_gmt":"2023-10-10T18:02:43","guid":{"rendered":"https:\/\/sepid.com.ar\/test\/?post_type=product&#038;p=71"},"modified":"2023-11-06T14:21:09","modified_gmt":"2023-11-06T17:21:09","slug":"mascara-nasal-p2-pillow-interface","status":"publish","type":"product","link":"https:\/\/sepid.com.ar\/test\/?product=mascara-nasal-p2-pillow-interface","title":{"rendered":"M\u00e1scara Nasal P2 Pillow Interface"},"content":{"rendered":"<p><b>Caracter\u00edsticas<\/b><\/p>\n<ul>\n<li style=\"font-weight: 400;\" aria-level=\"1\"><span style=\"font-weight: 400;\">Desmontaje r\u00e1pido<\/span><\/li>\n<li style=\"font-weight: 400;\" aria-level=\"1\"><span style=\"font-weight: 400;\">Codo giratorio de 360\u00b0 con alivio exhalatorio<\/span><\/li>\n<li style=\"font-weight: 400;\" aria-level=\"1\"><span style=\"font-weight: 400;\">Dise\u00f1o ligero<\/span><\/li>\n<li style=\"font-weight: 400;\" aria-level=\"1\"><span style=\"font-weight: 400;\">Packaging 3 talles (S,M y L)<\/span><\/li>\n<\/ul>\n","protected":false},"excerpt":{"rendered":"<p><span style=\"font-weight: 400;\">La m\u00e1scara nasal de m\u00ednimo contacto P2 de BMC cuenta con un dise\u00f1o innovador y de bajo perfil proporcionando un sellado \u00f3ptimo y un ajuste seguro sin ejercer demasiada presi\u00f3n en el rostro. <\/span><span style=\"font-weight: 400;\"><br \/>\n<\/span><span style=\"font-weight: 400;\">Con su arn\u00e9s ajustable y su almohadilla nasal suave, ofrece una adaptaci\u00f3n personalizada a diferentes formas y tama\u00f1os de rostro. Adem\u00e1s, su dise\u00f1o ligero y compacto permite un movimiento sin restricciones durante la noche.<\/span><\/p>\n","protected":false},"featured_media":12317,"template":"","meta":{"_joinchat":[]},"product_cat":[28,21,16],"product_tag":[],"class_list":{"0":"post-71","1":"product","2":"type-product","3":"status-publish","4":"has-post-thumbnail","6":"product_cat-mascaras-nasales","7":"product_cat-terapia-de-sueno","8":"product_cat-home-care","10":"first","11":"instock","12":"shipping-taxable","13":"product-type-simple"},"_links":{"self":[{"href":"https:\/\/sepid.com.ar\/test\/index.php?rest_route=\/wp\/v2\/product\/71","targetHints":{"allow":["GET"]}}],"collection":[{"href":"https:\/\/sepid.com.ar\/test\/index.php?rest_route=\/wp\/v2\/product"}],"about":[{"href":"https:\/\/sepid.com.ar\/test\/index.php?rest_route=\/wp\/v2\/types\/product"}],"version-history":[{"count":3,"href":"https:\/\/sepid.com.ar\/test\/index.php?rest_route=\/wp\/v2\/product\/71\/revisions"}],"predecessor-version":[{"id":12913,"href":"https:\/\/sepid.com.ar\/test\/index.php?rest_route=\/wp\/v2\/product\/71\/revisions\/12913"}],"wp:featuredmedia":[{"embeddable":true,"href":"https:\/\/sepid.com.ar\/test\/index.php?rest_route=\/wp\/v2\/media\/12317"}],"wp:attachment":[{"href":"https:\/\/sepid.com.ar\/test\/index.php?rest_route=%2Fwp%2Fv2%2Fmedia&parent=71"}],"wp:term":[{"taxonomy":"product_cat","embeddable":true,"href":"https:\/\/sepid.com.ar\/test\/index.php?rest_route=%2Fwp%2Fv2%2Fproduct_cat&post=71"},{"taxonomy":"product_tag","embeddable":true,"href":"https:\/\/sepid.com.ar\/test\/index.php?rest_route=%2Fwp%2Fv2%2Fproduct_tag&post=71"}],"curies":[{"name":"wp","href":"https:\/\/api.w.org\/{rel}","templated":true}]}}