{"id":68,"date":"2023-10-10T15:01:46","date_gmt":"2023-10-10T18:01:46","guid":{"rendered":"https:\/\/sepid.com.ar\/test\/?post_type=product&#038;p=68"},"modified":"2023-11-06T14:02:53","modified_gmt":"2023-11-06T17:02:53","slug":"mascara-nasal-n4","status":"publish","type":"product","link":"https:\/\/sepid.com.ar\/test\/?product=mascara-nasal-n4","title":{"rendered":"M\u00e1scara Nasal N4"},"content":{"rendered":"<p><b>Caracter\u00edsticas<\/b><\/p>\n<ul>\n<li style=\"font-weight: 400;\" aria-level=\"1\"><span style=\"font-weight: 400;\">C\u00f3moda<\/span><\/li>\n<li style=\"font-weight: 400;\" aria-level=\"1\"><span style=\"font-weight: 400;\">Flexible<\/span><\/li>\n<li style=\"font-weight: 400;\" aria-level=\"1\"><span style=\"font-weight: 400;\">Silenciosa<\/span><\/li>\n<li style=\"font-weight: 400;\" aria-level=\"1\"><span style=\"font-weight: 400;\">Dise\u00f1o inteligente, con ajuste autom\u00e1tico frontal sin almohadilla<\/span><\/li>\n<li style=\"font-weight: 400;\" aria-level=\"1\"><span style=\"font-weight: 400;\">Codo giratorio 360\u00b0<\/span><\/li>\n<li style=\"font-weight: 400;\" aria-level=\"1\"><span style=\"font-weight: 400;\">Almohadillas de tres tama\u00f1os comparten el marco. Disponible en modelo Full pack Age (S, M y L)<\/span><\/li>\n<\/ul>\n","protected":false},"excerpt":{"rendered":"<p>La m\u00e1scara nasal N4 de BMC ofrece un sellado \u00f3ptimo y comodidad durante toda la noche. Su dise\u00f1o simple y funcional se adapta con facilidad a diferentes formas y tama\u00f1os de rostro, lo que garantiza una experiencia de sue\u00f1o sin interrupciones.<\/p>\n","protected":false},"featured_media":12301,"template":"","meta":{"_joinchat":[]},"product_cat":[28,21,16],"product_tag":[],"class_list":{"0":"post-68","1":"product","2":"type-product","3":"status-publish","4":"has-post-thumbnail","6":"product_cat-mascaras-nasales","7":"product_cat-terapia-de-sueno","8":"product_cat-home-care","10":"first","11":"instock","12":"shipping-taxable","13":"product-type-simple"},"_links":{"self":[{"href":"https:\/\/sepid.com.ar\/test\/index.php?rest_route=\/wp\/v2\/product\/68","targetHints":{"allow":["GET"]}}],"collection":[{"href":"https:\/\/sepid.com.ar\/test\/index.php?rest_route=\/wp\/v2\/product"}],"about":[{"href":"https:\/\/sepid.com.ar\/test\/index.php?rest_route=\/wp\/v2\/types\/product"}],"version-history":[{"count":4,"href":"https:\/\/sepid.com.ar\/test\/index.php?rest_route=\/wp\/v2\/product\/68\/revisions"}],"predecessor-version":[{"id":12903,"href":"https:\/\/sepid.com.ar\/test\/index.php?rest_route=\/wp\/v2\/product\/68\/revisions\/12903"}],"wp:featuredmedia":[{"embeddable":true,"href":"https:\/\/sepid.com.ar\/test\/index.php?rest_route=\/wp\/v2\/media\/12301"}],"wp:attachment":[{"href":"https:\/\/sepid.com.ar\/test\/index.php?rest_route=%2Fwp%2Fv2%2Fmedia&parent=68"}],"wp:term":[{"taxonomy":"product_cat","embeddable":true,"href":"https:\/\/sepid.com.ar\/test\/index.php?rest_route=%2Fwp%2Fv2%2Fproduct_cat&post=68"},{"taxonomy":"product_tag","embeddable":true,"href":"https:\/\/sepid.com.ar\/test\/index.php?rest_route=%2Fwp%2Fv2%2Fproduct_tag&post=68"}],"curies":[{"name":"wp","href":"https:\/\/api.w.org\/{rel}","templated":true}]}}