{"id":66,"date":"2023-10-10T14:59:43","date_gmt":"2023-10-10T17:59:43","guid":{"rendered":"https:\/\/sepid.com.ar\/test\/?post_type=product&#038;p=66"},"modified":"2023-11-07T10:39:38","modified_gmt":"2023-11-07T13:39:38","slug":"mascara-buconasal-f5a","status":"publish","type":"product","link":"https:\/\/sepid.com.ar\/test\/?product=mascara-buconasal-f5a","title":{"rendered":"M\u00e1scara Buconasal F5A"},"content":{"rendered":"<p><b>Caracter\u00edsticas<\/b><\/p>\n<ul>\n<li style=\"font-weight: 400;\" aria-level=\"1\"><span style=\"font-weight: 400;\">Adaptaci\u00f3n manual al puente de la nariz<\/span><\/li>\n<li style=\"font-weight: 400;\" aria-level=\"1\"><span style=\"font-weight: 400;\">Libertad de visi\u00f3n<\/span><\/li>\n<li style=\"font-weight: 400;\" aria-level=\"1\"><span style=\"font-weight: 400;\">V\u00e1lvula antiasfixia<\/span><\/li>\n<li style=\"font-weight: 400;\" aria-level=\"1\"><span style=\"font-weight: 400;\">Estructura simple de montaje y desmontaje<\/span><\/li>\n<li style=\"font-weight: 400;\" aria-level=\"1\"><span style=\"font-weight: 400;\">Codo giratorio de 360\u00b0 con alivio exhalatorio<\/span><\/li>\n<\/ul>\n","protected":false},"excerpt":{"rendered":"<p><span style=\"font-weight: 400;\">La m\u00e1scara de m\u00ednimo contacto F5A Full Face de BMC es c\u00f3moda y flexible. Ha sido dise\u00f1ada para otorgar una libertad en el campo visual, al no contar con apoyo frontal. Su innovador arn\u00e9s con broches de f\u00e1cil desmontaje, maximiza la vida \u00fatil de la m\u00e1scara.<\/span><\/p>\n<p><span style=\"font-weight: 400;\">La F5A asegura su confort durante la terapia.<\/span><\/p>\n","protected":false},"featured_media":11628,"template":"","meta":{"_joinchat":[]},"product_cat":[29,21,16],"product_tag":[],"class_list":{"0":"post-66","1":"product","2":"type-product","3":"status-publish","4":"has-post-thumbnail","6":"product_cat-mascaras-buconasales","7":"product_cat-terapia-de-sueno","8":"product_cat-home-care","10":"first","11":"instock","12":"shipping-taxable","13":"product-type-simple"},"_links":{"self":[{"href":"https:\/\/sepid.com.ar\/test\/index.php?rest_route=\/wp\/v2\/product\/66","targetHints":{"allow":["GET"]}}],"collection":[{"href":"https:\/\/sepid.com.ar\/test\/index.php?rest_route=\/wp\/v2\/product"}],"about":[{"href":"https:\/\/sepid.com.ar\/test\/index.php?rest_route=\/wp\/v2\/types\/product"}],"version-history":[{"count":4,"href":"https:\/\/sepid.com.ar\/test\/index.php?rest_route=\/wp\/v2\/product\/66\/revisions"}],"predecessor-version":[{"id":12952,"href":"https:\/\/sepid.com.ar\/test\/index.php?rest_route=\/wp\/v2\/product\/66\/revisions\/12952"}],"wp:featuredmedia":[{"embeddable":true,"href":"https:\/\/sepid.com.ar\/test\/index.php?rest_route=\/wp\/v2\/media\/11628"}],"wp:attachment":[{"href":"https:\/\/sepid.com.ar\/test\/index.php?rest_route=%2Fwp%2Fv2%2Fmedia&parent=66"}],"wp:term":[{"taxonomy":"product_cat","embeddable":true,"href":"https:\/\/sepid.com.ar\/test\/index.php?rest_route=%2Fwp%2Fv2%2Fproduct_cat&post=66"},{"taxonomy":"product_tag","embeddable":true,"href":"https:\/\/sepid.com.ar\/test\/index.php?rest_route=%2Fwp%2Fv2%2Fproduct_tag&post=66"}],"curies":[{"name":"wp","href":"https:\/\/api.w.org\/{rel}","templated":true}]}}