{"id":64,"date":"2023-10-10T14:59:06","date_gmt":"2023-10-10T17:59:06","guid":{"rendered":"https:\/\/sepid.com.ar\/test\/?post_type=product&#038;p=64"},"modified":"2023-11-07T10:42:21","modified_gmt":"2023-11-07T13:42:21","slug":"mascara-buconasal-f2-nv2","status":"publish","type":"product","link":"https:\/\/sepid.com.ar\/test\/?product=mascara-buconasal-f2-nv2","title":{"rendered":"M\u00e1scara Buconasal F2 NV2"},"content":{"rendered":"<p><b>Caracter\u00edsticas<\/b><\/p>\n<ul>\n<li style=\"font-weight: 400;\" aria-level=\"1\"><span style=\"font-weight: 400;\">Doble puerto de ox\u00edgeno multifuncional<\/span><\/li>\n<li style=\"font-weight: 400;\" aria-level=\"1\"><span style=\"font-weight: 400;\">Estructura compacta para la terapia hospitalaria<\/span><\/li>\n<li style=\"font-weight: 400;\" aria-level=\"1\"><span style=\"font-weight: 400;\">Codo azul con v\u00e1lvula de seguridad<\/span><\/li>\n<li style=\"font-weight: 400;\" aria-level=\"1\"><span style=\"font-weight: 400;\">Codo giratorio de 360\u00b0<\/span><\/li>\n<li style=\"font-weight: 400;\" aria-level=\"1\"><span style=\"font-weight: 400;\">Coj\u00edn ajustable<\/span><\/li>\n<\/ul>\n","protected":false},"excerpt":{"rendered":"<p><span style=\"font-weight: 400;\">M\u00e1scara buconasal F2 Nv2 sin VAA (v\u00e1lvula antiasfixia), es una avanzada l\u00ednea para el \u00e1mbito hospitalario, con menos partes ofreciendo una mayor libertad y comodidad en la terapia. Ha sido cuidadosamente dise\u00f1ada para brindarle un ajuste c\u00f3modo, con su apoyo frontal siliconado, protegi\u00e9ndolo de posibles irritaciones.<\/span><\/p>\n","protected":false},"featured_media":11636,"template":"","meta":{"_joinchat":[]},"product_cat":[29,21,16],"product_tag":[],"class_list":{"0":"post-64","1":"product","2":"type-product","3":"status-publish","4":"has-post-thumbnail","6":"product_cat-mascaras-buconasales","7":"product_cat-terapia-de-sueno","8":"product_cat-home-care","10":"first","11":"instock","12":"shipping-taxable","13":"product-type-simple"},"_links":{"self":[{"href":"https:\/\/sepid.com.ar\/test\/index.php?rest_route=\/wp\/v2\/product\/64","targetHints":{"allow":["GET"]}}],"collection":[{"href":"https:\/\/sepid.com.ar\/test\/index.php?rest_route=\/wp\/v2\/product"}],"about":[{"href":"https:\/\/sepid.com.ar\/test\/index.php?rest_route=\/wp\/v2\/types\/product"}],"version-history":[{"count":4,"href":"https:\/\/sepid.com.ar\/test\/index.php?rest_route=\/wp\/v2\/product\/64\/revisions"}],"predecessor-version":[{"id":12956,"href":"https:\/\/sepid.com.ar\/test\/index.php?rest_route=\/wp\/v2\/product\/64\/revisions\/12956"}],"wp:featuredmedia":[{"embeddable":true,"href":"https:\/\/sepid.com.ar\/test\/index.php?rest_route=\/wp\/v2\/media\/11636"}],"wp:attachment":[{"href":"https:\/\/sepid.com.ar\/test\/index.php?rest_route=%2Fwp%2Fv2%2Fmedia&parent=64"}],"wp:term":[{"taxonomy":"product_cat","embeddable":true,"href":"https:\/\/sepid.com.ar\/test\/index.php?rest_route=%2Fwp%2Fv2%2Fproduct_cat&post=64"},{"taxonomy":"product_tag","embeddable":true,"href":"https:\/\/sepid.com.ar\/test\/index.php?rest_route=%2Fwp%2Fv2%2Fproduct_tag&post=64"}],"curies":[{"name":"wp","href":"https:\/\/api.w.org\/{rel}","templated":true}]}}