{"id":62,"date":"2023-10-10T14:58:23","date_gmt":"2023-10-10T17:58:23","guid":{"rendered":"https:\/\/sepid.com.ar\/test\/?post_type=product&#038;p=62"},"modified":"2023-11-07T09:38:06","modified_gmt":"2023-11-07T12:38:06","slug":"mascara-buconasal-fm-f1b","status":"publish","type":"product","link":"https:\/\/sepid.com.ar\/test\/?product=mascara-buconasal-fm-f1b","title":{"rendered":"M\u00e1scara Buconasal FM\/F1B"},"content":{"rendered":"<p><b>Caracter\u00edsticas<\/b><\/p>\n<ul>\n<li style=\"font-weight: 400;\" aria-level=\"1\"><span style=\"font-weight: 400;\">Coj\u00edn doble, m\u00e1s estable<\/span><\/li>\n<li style=\"font-weight: 400;\" aria-level=\"1\"><span style=\"font-weight: 400;\">Ajuste preciso del apoyo frontal<\/span><\/li>\n<li style=\"font-weight: 400;\" aria-level=\"1\"><span style=\"font-weight: 400;\">Broches modernos del arn\u00e9s<\/span><\/li>\n<li style=\"font-weight: 400;\" aria-level=\"1\"><span style=\"font-weight: 400;\">Doble puerto multifuncional.<\/span><\/li>\n<li style=\"font-weight: 400;\" aria-level=\"1\"><span style=\"font-weight: 400;\">Codo giratorio de 360\u00b0 con alivio exhalatorio<\/span><\/li>\n<li style=\"font-weight: 400;\" aria-level=\"1\"><span style=\"font-weight: 400;\">V\u00e1lvula antiasfixia<\/span><\/li>\n<\/ul>\n","protected":false},"excerpt":{"rendered":"<p><span style=\"font-weight: 400;\">La m\u00e1scara F1B de BMC, una de las m\u00e1s recientes incorporaciones en el \u00e1mbito de las mascarillas, se destaca por su capacidad de ajustarse al contorno nasal y su sellado de doble capa de silicona. Con su dise\u00f1o sencillo y peso reducido, proporciona mayor comodidad y eficacia durante la terapia.<\/span><\/p>\n","protected":false},"featured_media":11637,"template":"","meta":{"_joinchat":[]},"product_cat":[29,21,16],"product_tag":[],"class_list":{"0":"post-62","1":"product","2":"type-product","3":"status-publish","4":"has-post-thumbnail","6":"product_cat-mascaras-buconasales","7":"product_cat-terapia-de-sueno","8":"product_cat-home-care","10":"first","11":"instock","12":"shipping-taxable","13":"product-type-simple"},"_links":{"self":[{"href":"https:\/\/sepid.com.ar\/test\/index.php?rest_route=\/wp\/v2\/product\/62","targetHints":{"allow":["GET"]}}],"collection":[{"href":"https:\/\/sepid.com.ar\/test\/index.php?rest_route=\/wp\/v2\/product"}],"about":[{"href":"https:\/\/sepid.com.ar\/test\/index.php?rest_route=\/wp\/v2\/types\/product"}],"version-history":[{"count":3,"href":"https:\/\/sepid.com.ar\/test\/index.php?rest_route=\/wp\/v2\/product\/62\/revisions"}],"predecessor-version":[{"id":12942,"href":"https:\/\/sepid.com.ar\/test\/index.php?rest_route=\/wp\/v2\/product\/62\/revisions\/12942"}],"wp:featuredmedia":[{"embeddable":true,"href":"https:\/\/sepid.com.ar\/test\/index.php?rest_route=\/wp\/v2\/media\/11637"}],"wp:attachment":[{"href":"https:\/\/sepid.com.ar\/test\/index.php?rest_route=%2Fwp%2Fv2%2Fmedia&parent=62"}],"wp:term":[{"taxonomy":"product_cat","embeddable":true,"href":"https:\/\/sepid.com.ar\/test\/index.php?rest_route=%2Fwp%2Fv2%2Fproduct_cat&post=62"},{"taxonomy":"product_tag","embeddable":true,"href":"https:\/\/sepid.com.ar\/test\/index.php?rest_route=%2Fwp%2Fv2%2Fproduct_tag&post=62"}],"curies":[{"name":"wp","href":"https:\/\/api.w.org\/{rel}","templated":true}]}}