{"id":60,"date":"2023-10-10T14:55:58","date_gmt":"2023-10-10T17:55:58","guid":{"rendered":"https:\/\/sepid.com.ar\/test\/?post_type=product&#038;p=60"},"modified":"2023-11-06T09:02:21","modified_gmt":"2023-11-06T12:02:21","slug":"polywatch-yh-600b-pro","status":"publish","type":"product","link":"https:\/\/sepid.com.ar\/test\/?product=polywatch-yh-600b-pro","title":{"rendered":"POLYWATCH YH-600B PRO"},"content":{"rendered":"<p><b>Pol\u00edgrafo port\u00e1til de mu\u00f1eca para el diagn\u00f3stico y monitoreo del sue\u00f1o.<\/b><\/p>\n<p><span style=\"font-weight: 400;\">El sistema de diagn\u00f3stico y monitoreo del sue\u00f1o con movilidad, de uso amistoso y permite las pruebas de sue\u00f1o no s\u00f3lo en hospital sino tambi\u00e9n en casa.\u00a0<\/span><\/p>\n<p><span style=\"font-weight: 400;\">El an\u00e1lisis de software optimizado le proporciona detalles de su calidad de sue\u00f1o<\/span><\/p>\n<p><b>F\u00e1cil de usar<\/b><\/p>\n<p><span style=\"font-weight: 400;\">El dise\u00f1o de reloj, con peso ligero, le proporciona la facilidad de uso. El display a color y la visualizaci\u00f3n de onda en tiempo real le ayudar\u00e1 a conocer su evento en tiempo.\u00a0<\/span><\/p>\n<table>\n<thead>\n<tr>\n<th>Caracter\u00edstica<\/th>\n<th>YH-500A Pro<\/th>\n<th>YH-500B Pro<\/th>\n<\/tr>\n<\/thead>\n<tbody>\n<tr>\n<td>SpO2<\/td>\n<td>Si<\/td>\n<td>Si<\/td>\n<\/tr>\n<tr>\n<td>Pulso<\/td>\n<td>Si<\/td>\n<td>Si<\/td>\n<\/tr>\n<tr>\n<td>Flujo de Aire<\/td>\n<td>Si<\/td>\n<td>Si<\/td>\n<\/tr>\n<tr>\n<td>Ronquido<\/td>\n<td>Si<\/td>\n<td>Si<\/td>\n<\/tr>\n<tr>\n<td>Movimiento de mu\u00f1eca<\/td>\n<td>Si<\/td>\n<td>Si<\/td>\n<\/tr>\n<tr>\n<td>Presi\u00f3n CPAP<\/td>\n<td>Si<\/td>\n<td>Si<\/td>\n<\/tr>\n<tr>\n<td>Posici\u00f3n del Cuerpo<\/td>\n<td>No<\/td>\n<td>Si<\/td>\n<\/tr>\n<tr>\n<td>Escuerzo Tor\u00e1cico y Abdominal<\/td>\n<td>No<\/td>\n<td>Si<\/td>\n<\/tr>\n<\/tbody>\n<\/table>\n","protected":false},"excerpt":{"rendered":"<p><span style=\"font-weight: 400;\">El Polywatch YH-600 con su dise\u00f1o de reloj pulsera y su sencillo funcionamiento, podr\u00e1 realizar diagn\u00f3sticos de sue\u00f1o de manera ambulatoria.<\/span><\/p>\n","protected":false},"featured_media":11623,"template":"","meta":{"_joinchat":[]},"product_cat":[25,21,16],"product_tag":[],"class_list":{"0":"post-60","1":"product","2":"type-product","3":"status-publish","4":"has-post-thumbnail","6":"product_cat-diagnostico-de-sueno","7":"product_cat-terapia-de-sueno","8":"product_cat-home-care","10":"first","11":"instock","12":"shipping-taxable","13":"product-type-simple"},"_links":{"self":[{"href":"https:\/\/sepid.com.ar\/test\/index.php?rest_route=\/wp\/v2\/product\/60","targetHints":{"allow":["GET"]}}],"collection":[{"href":"https:\/\/sepid.com.ar\/test\/index.php?rest_route=\/wp\/v2\/product"}],"about":[{"href":"https:\/\/sepid.com.ar\/test\/index.php?rest_route=\/wp\/v2\/types\/product"}],"version-history":[{"count":4,"href":"https:\/\/sepid.com.ar\/test\/index.php?rest_route=\/wp\/v2\/product\/60\/revisions"}],"predecessor-version":[{"id":12840,"href":"https:\/\/sepid.com.ar\/test\/index.php?rest_route=\/wp\/v2\/product\/60\/revisions\/12840"}],"wp:featuredmedia":[{"embeddable":true,"href":"https:\/\/sepid.com.ar\/test\/index.php?rest_route=\/wp\/v2\/media\/11623"}],"wp:attachment":[{"href":"https:\/\/sepid.com.ar\/test\/index.php?rest_route=%2Fwp%2Fv2%2Fmedia&parent=60"}],"wp:term":[{"taxonomy":"product_cat","embeddable":true,"href":"https:\/\/sepid.com.ar\/test\/index.php?rest_route=%2Fwp%2Fv2%2Fproduct_cat&post=60"},{"taxonomy":"product_tag","embeddable":true,"href":"https:\/\/sepid.com.ar\/test\/index.php?rest_route=%2Fwp%2Fv2%2Fproduct_tag&post=60"}],"curies":[{"name":"wp","href":"https:\/\/api.w.org\/{rel}","templated":true}]}}