{"id":58,"date":"2023-10-10T14:51:43","date_gmt":"2023-10-10T17:51:43","guid":{"rendered":"https:\/\/sepid.com.ar\/test\/?post_type=product&#038;p=58"},"modified":"2023-11-15T08:50:45","modified_gmt":"2023-11-15T11:50:45","slug":"auto-cpap-bmc-m1-mini","status":"publish","type":"product","link":"https:\/\/sepid.com.ar\/test\/?product=auto-cpap-bmc-m1-mini","title":{"rendered":"Auto CPAP \u2013 BMC M1 Mini"},"content":{"rendered":"<p><span style=\"font-weight: 400;\">El BMC M1 Mini le otorga una nueva dimensi\u00f3n a su terapia CPAP. Puede usar el dispositivo en cualquier lugar, siempre que haya una toma de corriente disponible. Este es un CPAP autom\u00e1tico que se puede configurar a presi\u00f3n fija o autom\u00e1tica. Ofrece 3 niveles de sensibilidad de presi\u00f3n para adaptar la terapia, a\u00fan m\u00e1s, a sus necesidades personales.<\/span><\/p>\n<p><span style=\"font-weight: 400;\">Para una experiencia CPAP \u00f3ptima con su BMC M1 Mini, descargue la aplicaci\u00f3n gratuita LightTrip en su tel\u00e9fono m\u00f3vil. Puede encontrarla en Google Play Store y Apple Store al buscar \u2018BMC Mini\u2019. La misma, le permite configurar el equipo y generar informes para que pueda monitorear su tratamiento de terapia CPAP.<\/span><\/p>\n","protected":false},"excerpt":{"rendered":"<p><span style=\"font-weight: 400;\">El AutoCPAP Mini es un equipo m\u00e9dico peque\u00f1o, con un peso de menos de 400 gramos, que cuenta con la tecnolog\u00eda m\u00e1s avanzada de BMC Medical hasta la fecha. Este equipo presenta un dise\u00f1o moderno y minimalista, totalmente ideado para satisfacer las necesidades de terapia en viajes.<\/span><\/p>\n","protected":false},"featured_media":11612,"template":"","meta":{"_joinchat":[]},"product_cat":[26,21,16],"product_tag":[],"class_list":{"0":"post-58","1":"product","2":"type-product","3":"status-publish","4":"has-post-thumbnail","6":"product_cat-cpap-auto-cpap","7":"product_cat-terapia-de-sueno","8":"product_cat-home-care","10":"first","11":"instock","12":"shipping-taxable","13":"product-type-simple"},"_links":{"self":[{"href":"https:\/\/sepid.com.ar\/test\/index.php?rest_route=\/wp\/v2\/product\/58","targetHints":{"allow":["GET"]}}],"collection":[{"href":"https:\/\/sepid.com.ar\/test\/index.php?rest_route=\/wp\/v2\/product"}],"about":[{"href":"https:\/\/sepid.com.ar\/test\/index.php?rest_route=\/wp\/v2\/types\/product"}],"version-history":[{"count":5,"href":"https:\/\/sepid.com.ar\/test\/index.php?rest_route=\/wp\/v2\/product\/58\/revisions"}],"predecessor-version":[{"id":13037,"href":"https:\/\/sepid.com.ar\/test\/index.php?rest_route=\/wp\/v2\/product\/58\/revisions\/13037"}],"wp:featuredmedia":[{"embeddable":true,"href":"https:\/\/sepid.com.ar\/test\/index.php?rest_route=\/wp\/v2\/media\/11612"}],"wp:attachment":[{"href":"https:\/\/sepid.com.ar\/test\/index.php?rest_route=%2Fwp%2Fv2%2Fmedia&parent=58"}],"wp:term":[{"taxonomy":"product_cat","embeddable":true,"href":"https:\/\/sepid.com.ar\/test\/index.php?rest_route=%2Fwp%2Fv2%2Fproduct_cat&post=58"},{"taxonomy":"product_tag","embeddable":true,"href":"https:\/\/sepid.com.ar\/test\/index.php?rest_route=%2Fwp%2Fv2%2Fproduct_tag&post=58"}],"curies":[{"name":"wp","href":"https:\/\/api.w.org\/{rel}","templated":true}]}}