{"id":57,"date":"2023-10-10T14:51:24","date_gmt":"2023-10-10T17:51:24","guid":{"rendered":"https:\/\/sepid.com.ar\/test\/?post_type=product&#038;p=57"},"modified":"2023-11-06T09:26:32","modified_gmt":"2023-11-06T12:26:32","slug":"cpap-auto-cpap-bmc-g3","status":"publish","type":"product","link":"https:\/\/sepid.com.ar\/test\/?product=cpap-auto-cpap-bmc-g3","title":{"rendered":"CPAP \/ Auto CPAP \u2013 BMC G3"},"content":{"rendered":"<p><span style=\"font-weight: 400;\">Posee acceso a los datos del paciente de manera r\u00e1pida y f\u00e1cil con el programa de software BMC Resmart y la App BMCares<\/span><\/p>\n<ul>\n<li style=\"font-weight: 400;\" aria-level=\"1\"><b>Rendimiento silencioso<\/b><span style=\"font-weight: 400;\">, utiliza tecnolog\u00eda de reducci\u00f3n de ruido de etapas m\u00faltiples para garantizar el rendimiento de ruido inferior a 26 DB.<\/span><\/li>\n<li style=\"font-weight: 400;\" aria-level=\"1\"><b>Rampa autom\u00e1tica<\/b><span style=\"font-weight: 400;\">, la nueva funci\u00f3n de rampa autom\u00e1tica detecta cuando el usuario se queda dormido y ajusta el tiempo de rampa apropiadamente.<\/span><\/li>\n<li style=\"font-weight: 400;\" aria-level=\"1\"><b>Precalentamiento<\/b><span style=\"font-weight: 400;\">, antes de comenzar el tratamiento puede activar la funci\u00f3n precalentamiento. En 30 minutos, el agua del humidificador alcanza la temperatura y humedad ideal , para un tratamiento confortable.\u00a0<\/span><\/li>\n<li style=\"font-weight: 400;\" aria-level=\"1\"><b>Sistema humidificador PUSH<\/b><span style=\"font-weight: 400;\">, gracias a su dise\u00f1o puede agregar agua sin quitar la c\u00e1mara, m\u00e1s conveniente para desmontar y ensamblar.<\/span><\/li>\n<li style=\"font-weight: 400;\" aria-level=\"1\"><b>Recordatorio: <\/b><span style=\"font-weight: 400;\">El G3 proporciona un recordatorio que informa a los usuarios cuando deben cambiar los accesorios y realizar un mantenimiento de prevenci\u00f3n.<\/span><\/li>\n<\/ul>\n","protected":false},"excerpt":{"rendered":"<p><span style=\"font-weight: 400;\">El Sistema CPAP G3 C20\/A20 es la gama Premium m\u00e1s avanzada de dispositivos PAP, que representa una soluci\u00f3n integral y confortable para mejorar la calidad del sue\u00f1o y la salud respiratoria en personas que padecen apnea del sue\u00f1o. <\/span><span style=\"font-weight: 400;\"><br \/>\n<\/span><span style=\"font-weight: 400;\">Permite ofrecer una terapia efectiva y personalizada, ajust\u00e1ndose a las necesidades \u00fanicas de cada paciente.<\/span><\/p>\n","protected":false},"featured_media":11620,"template":"","meta":{"_joinchat":[]},"product_cat":[26,21,16],"product_tag":[],"class_list":{"0":"post-57","1":"product","2":"type-product","3":"status-publish","4":"has-post-thumbnail","6":"product_cat-cpap-auto-cpap","7":"product_cat-terapia-de-sueno","8":"product_cat-home-care","10":"first","11":"instock","12":"shipping-taxable","13":"product-type-simple"},"_links":{"self":[{"href":"https:\/\/sepid.com.ar\/test\/index.php?rest_route=\/wp\/v2\/product\/57","targetHints":{"allow":["GET"]}}],"collection":[{"href":"https:\/\/sepid.com.ar\/test\/index.php?rest_route=\/wp\/v2\/product"}],"about":[{"href":"https:\/\/sepid.com.ar\/test\/index.php?rest_route=\/wp\/v2\/types\/product"}],"version-history":[{"count":4,"href":"https:\/\/sepid.com.ar\/test\/index.php?rest_route=\/wp\/v2\/product\/57\/revisions"}],"predecessor-version":[{"id":12847,"href":"https:\/\/sepid.com.ar\/test\/index.php?rest_route=\/wp\/v2\/product\/57\/revisions\/12847"}],"wp:featuredmedia":[{"embeddable":true,"href":"https:\/\/sepid.com.ar\/test\/index.php?rest_route=\/wp\/v2\/media\/11620"}],"wp:attachment":[{"href":"https:\/\/sepid.com.ar\/test\/index.php?rest_route=%2Fwp%2Fv2%2Fmedia&parent=57"}],"wp:term":[{"taxonomy":"product_cat","embeddable":true,"href":"https:\/\/sepid.com.ar\/test\/index.php?rest_route=%2Fwp%2Fv2%2Fproduct_cat&post=57"},{"taxonomy":"product_tag","embeddable":true,"href":"https:\/\/sepid.com.ar\/test\/index.php?rest_route=%2Fwp%2Fv2%2Fproduct_tag&post=57"}],"curies":[{"name":"wp","href":"https:\/\/api.w.org\/{rel}","templated":true}]}}