{"id":54,"date":"2023-10-10T14:47:00","date_gmt":"2023-10-10T17:47:00","guid":{"rendered":"https:\/\/sepid.com.ar\/test\/?post_type=product&#038;p=54"},"modified":"2023-11-06T11:42:06","modified_gmt":"2023-11-06T14:42:06","slug":"bpap-auto-bpap-bmc-g3","status":"publish","type":"product","link":"https:\/\/sepid.com.ar\/test\/?product=bpap-auto-bpap-bmc-g3","title":{"rendered":"BPAP \/ Auto BPAP \u2013 BMC G3"},"content":{"rendered":"<p><b>Caracter\u00edsticas<\/b><span style=\"font-weight: 400;\">:<\/span><\/p>\n<ul>\n<li style=\"font-weight: 400;\" aria-level=\"1\"><b>Rendimiento silencioso<\/b><span style=\"font-weight: 400;\">, utiliza tecnolog\u00eda de reducci\u00f3n de ruido de etapas m\u00faltiples para garantizar el rendimiento de ruido inferior a 26 DB.<\/span><\/li>\n<li style=\"font-weight: 400;\" aria-level=\"1\"><b>Rampa autom\u00e1tica<\/b><span style=\"font-weight: 400;\">, la nueva funci\u00f3n de rampa autom\u00e1tica detecta cuando el usuario se queda dormido y ajusta el tiempo de rampa apropiadamente.<\/span><\/li>\n<li style=\"font-weight: 400;\" aria-level=\"1\"><b>Detecci\u00f3n de Apnea Central (CSA)<\/b><span style=\"font-weight: 400;\"> Cuando se produce una apnea, el dispositivo emite ondas oscilantes, determinando el tipo de apnea en funci\u00f3n a los cambios de flujo de aire y presi\u00f3n.<\/span><\/li>\n<li style=\"font-weight: 400;\" aria-level=\"1\"><b>Precalentamiento<\/b><span style=\"font-weight: 400;\">, antes de comenzar el tratamiento puede activar la funci\u00f3n precalentamiento. En 30 minutos, el agua del humidificador alcanza la temperatura y humedad ideal , para un tratamiento confortable.\u00a0<\/span><\/li>\n<li style=\"font-weight: 400;\" aria-level=\"1\"><b>Sistema humidificador PUSH<\/b><span style=\"font-weight: 400;\">, gracias a su dise\u00f1o puede agregar agua sin quitar la c\u00e1mara, m\u00e1s conveniente para desmontar y ensamblar.<\/span><\/li>\n<li style=\"font-weight: 400;\" aria-level=\"1\"><b>Recordatorio: <\/b><span style=\"font-weight: 400;\">El G3 proporciona un recordatorio que informa a los usuarios cuando deben cambiar los accesorios y realizar un mantenimiento de prevenci\u00f3n.<\/span><\/li>\n<\/ul>\n<table>\n<thead>\n<tr>\n<th>PRODUCTO<\/th>\n<th>MODELO<\/th>\n<th>MODO<\/th>\n<\/tr>\n<\/thead>\n<tbody>\n<tr>\n<td>BPAP<\/td>\n<td>B25S<\/td>\n<td>CPAP, S<\/td>\n<\/tr>\n<tr>\n<td>BPAP AUTO<\/td>\n<td>B25A<\/td>\n<td>CPAP, AUTO, S<\/td>\n<\/tr>\n<tr>\n<td>BPAP C\/FREC<\/td>\n<td>B25VT<\/td>\n<td>CPAP, S, T, S\/T, Vol. Corriente Objetivo<\/td>\n<\/tr>\n<\/tbody>\n<\/table>\n<p><b>Almacenamiento de datos:<\/b><\/p>\n<ul>\n<li style=\"font-weight: 400;\" aria-level=\"1\"><span style=\"font-weight: 400;\">Con tarjeta de memoria SD (Incluida en la entrega de los equipos BMC) &#8211; Software BMC Resmart para PC .<\/span><\/li>\n<li style=\"font-weight: 400;\" aria-level=\"1\"><span style=\"font-weight: 400;\">Pap Link: Aplicaci\u00f3n Smartphone &#8211; <\/span><span style=\"font-weight: 400;\">Descargue la aplicaci\u00f3n gratuita en su tel\u00e9fono m\u00f3vil. Puede encontrarla en Google Play Store y Apple Store.<\/span><\/li>\n<li style=\"font-weight: 400;\" aria-level=\"1\"><span style=\"font-weight: 400;\">Icode: <\/span><a href=\"http:\/\/www.bmc-icode.com\/\"><span style=\"font-weight: 400;\">iCode Online (bmc-icode.com)<\/span><\/a><\/li>\n<\/ul>\n","protected":false},"excerpt":{"rendered":"<p><span style=\"font-weight: 400;\">El G3 de BMC Medical es un dispositivo de Bi-level incorpora una funci\u00f3n de Volumen Tidal Objetivo, dise\u00f1ado para pacientes con insuficiencia respiratoria. Este equipo se distingue por su dise\u00f1o moderno y su capacidad de proporcionar visualizaci\u00f3n de datos en tiempo real, adem\u00e1s de ofrecer configuraciones autom\u00e1ticas e inteligentes que hacen que su uso sea sumamente sencillo para el usuario.<\/span><\/p>\n","protected":false},"featured_media":11604,"template":"","meta":{"_joinchat":[]},"product_cat":[27,21,16],"product_tag":[],"class_list":{"0":"post-54","1":"product","2":"type-product","3":"status-publish","4":"has-post-thumbnail","6":"product_cat-bpap-auto-bpap","7":"product_cat-terapia-de-sueno","8":"product_cat-home-care","10":"first","11":"instock","12":"shipping-taxable","13":"product-type-simple"},"_links":{"self":[{"href":"https:\/\/sepid.com.ar\/test\/index.php?rest_route=\/wp\/v2\/product\/54","targetHints":{"allow":["GET"]}}],"collection":[{"href":"https:\/\/sepid.com.ar\/test\/index.php?rest_route=\/wp\/v2\/product"}],"about":[{"href":"https:\/\/sepid.com.ar\/test\/index.php?rest_route=\/wp\/v2\/types\/product"}],"version-history":[{"count":7,"href":"https:\/\/sepid.com.ar\/test\/index.php?rest_route=\/wp\/v2\/product\/54\/revisions"}],"predecessor-version":[{"id":12895,"href":"https:\/\/sepid.com.ar\/test\/index.php?rest_route=\/wp\/v2\/product\/54\/revisions\/12895"}],"wp:featuredmedia":[{"embeddable":true,"href":"https:\/\/sepid.com.ar\/test\/index.php?rest_route=\/wp\/v2\/media\/11604"}],"wp:attachment":[{"href":"https:\/\/sepid.com.ar\/test\/index.php?rest_route=%2Fwp%2Fv2%2Fmedia&parent=54"}],"wp:term":[{"taxonomy":"product_cat","embeddable":true,"href":"https:\/\/sepid.com.ar\/test\/index.php?rest_route=%2Fwp%2Fv2%2Fproduct_cat&post=54"},{"taxonomy":"product_tag","embeddable":true,"href":"https:\/\/sepid.com.ar\/test\/index.php?rest_route=%2Fwp%2Fv2%2Fproduct_tag&post=54"}],"curies":[{"name":"wp","href":"https:\/\/api.w.org\/{rel}","templated":true}]}}