{"id":53,"date":"2023-10-10T14:46:30","date_gmt":"2023-10-10T17:46:30","guid":{"rendered":"https:\/\/sepid.com.ar\/test\/?post_type=product&#038;p=53"},"modified":"2023-11-06T11:37:37","modified_gmt":"2023-11-06T14:37:37","slug":"bpap-auto-bpap-bmc-g2s","status":"publish","type":"product","link":"https:\/\/sepid.com.ar\/test\/?product=bpap-auto-bpap-bmc-g2s","title":{"rendered":"BPAP \/ Auto BPAP \u2013 BMC G2S"},"content":{"rendered":"<p><b>Caracter\u00edsticas:<\/b><\/p>\n<ul>\n<li style=\"font-weight: 400;\" aria-level=\"1\"><span style=\"font-weight: 400;\">El humidificador integrado cuenta con placa calefactora (&gt;50 cm2), que garantiza una excelente capacidad de humidificaci\u00f3n, mejorando la comodidad.<\/span><\/li>\n<li style=\"font-weight: 400;\" aria-level=\"1\"><span style=\"font-weight: 400;\">Panel de control de f\u00e1cil uso con 3 botones.<\/span><\/li>\n<li style=\"font-weight: 400;\" aria-level=\"1\"><span style=\"font-weight: 400;\">La funci\u00f3n de liberaci\u00f3n de presi\u00f3n exhalatoria (Reslex) le permite quedarse dormido f\u00e1cilmente a una presi\u00f3n m\u00e1s baja<\/span><\/li>\n<li style=\"font-weight: 400;\" aria-level=\"1\"><span style=\"font-weight: 400;\">C\u00e1mara de agua con estructura integrada al equipo, f\u00e1cil apertura, llenado y limpieza.<\/span><\/li>\n<li style=\"font-weight: 400;\" aria-level=\"1\"><span style=\"font-weight: 400;\">Fuente de Alimentaci\u00f3n Externa de 24 VC.<\/span><\/li>\n<\/ul>\n<table>\n<thead>\n<tr>\n<th>PRODUCTO<\/th>\n<th>MODELO<\/th>\n<th>MODO<\/th>\n<\/tr>\n<\/thead>\n<tbody>\n<tr>\n<td>BPAP<\/td>\n<td>B25S<\/td>\n<td>CPAP, S<\/td>\n<\/tr>\n<tr>\n<td>BPAP AUTO<\/td>\n<td>B25A<\/td>\n<td>CPAP, AUTO, S<\/td>\n<\/tr>\n<tr>\n<td>BPAP C\/FREC<\/td>\n<td>B25T<\/td>\n<td>CPAP, S, T, S\/T<\/td>\n<\/tr>\n<\/tbody>\n<\/table>\n<p><b>Almacenamiento de datos:<\/b><\/p>\n<ul>\n<li style=\"font-weight: 400;\" aria-level=\"1\"><span style=\"font-weight: 400;\">Con tarjeta de memoria SD (Incluida en la entrega de los equipos BMC) &#8211; Software BMC Resmart para PC .<\/span><\/li>\n<li style=\"font-weight: 400;\" aria-level=\"1\"><span style=\"font-weight: 400;\">Pap Link: Aplicaci\u00f3n Smartphone &#8211; <\/span><span style=\"font-weight: 400;\">Descargue la aplicaci\u00f3n gratuita en su tel\u00e9fono m\u00f3vil. Puede encontrarla en Google Play Store y Apple Store.<\/span><\/li>\n<li style=\"font-weight: 400;\" aria-level=\"1\"><span style=\"font-weight: 400;\">Icode: <\/span><a href=\"http:\/\/www.bmc-icode.com\/\"><span style=\"font-weight: 400;\">iCode Online (bmc-icode.com)<\/span><\/a><\/li>\n<\/ul>\n","protected":false},"excerpt":{"rendered":"<p><span style=\"font-weight: 400;\">Los dispositivos BMC G2S son equipos Bi-level con humidificador integrado, espec\u00edficamente dise\u00f1ados para abordar la Apnea Obstructiva del Sue\u00f1o (AOS) en adultos, ya sea en el \u00e1mbito hospitalario o en la comodidad del hogar. Con su atractivo dise\u00f1o, desempe\u00f1o estable y notables caracter\u00edsticas de comodidad, la Serie G2S, le permitir\u00e1 tener una terapia eficaz.\u00a0<\/span><\/p>\n<p>&nbsp;<\/p>\n","protected":false},"featured_media":11606,"template":"","meta":{"_joinchat":[]},"product_cat":[27,21,16],"product_tag":[],"class_list":{"0":"post-53","1":"product","2":"type-product","3":"status-publish","4":"has-post-thumbnail","6":"product_cat-bpap-auto-bpap","7":"product_cat-terapia-de-sueno","8":"product_cat-home-care","10":"first","11":"instock","12":"shipping-taxable","13":"product-type-simple"},"_links":{"self":[{"href":"https:\/\/sepid.com.ar\/test\/index.php?rest_route=\/wp\/v2\/product\/53","targetHints":{"allow":["GET"]}}],"collection":[{"href":"https:\/\/sepid.com.ar\/test\/index.php?rest_route=\/wp\/v2\/product"}],"about":[{"href":"https:\/\/sepid.com.ar\/test\/index.php?rest_route=\/wp\/v2\/types\/product"}],"version-history":[{"count":7,"href":"https:\/\/sepid.com.ar\/test\/index.php?rest_route=\/wp\/v2\/product\/53\/revisions"}],"predecessor-version":[{"id":12893,"href":"https:\/\/sepid.com.ar\/test\/index.php?rest_route=\/wp\/v2\/product\/53\/revisions\/12893"}],"wp:featuredmedia":[{"embeddable":true,"href":"https:\/\/sepid.com.ar\/test\/index.php?rest_route=\/wp\/v2\/media\/11606"}],"wp:attachment":[{"href":"https:\/\/sepid.com.ar\/test\/index.php?rest_route=%2Fwp%2Fv2%2Fmedia&parent=53"}],"wp:term":[{"taxonomy":"product_cat","embeddable":true,"href":"https:\/\/sepid.com.ar\/test\/index.php?rest_route=%2Fwp%2Fv2%2Fproduct_cat&post=53"},{"taxonomy":"product_tag","embeddable":true,"href":"https:\/\/sepid.com.ar\/test\/index.php?rest_route=%2Fwp%2Fv2%2Fproduct_tag&post=53"}],"curies":[{"name":"wp","href":"https:\/\/api.w.org\/{rel}","templated":true}]}}