{"id":52,"date":"2023-10-10T14:45:58","date_gmt":"2023-10-10T17:45:58","guid":{"rendered":"https:\/\/sepid.com.ar\/test\/?post_type=product&#038;p=52"},"modified":"2023-11-06T11:20:09","modified_gmt":"2023-11-06T14:20:09","slug":"bpap-auto-bpap-resmart-gii","status":"publish","type":"product","link":"https:\/\/sepid.com.ar\/test\/?product=bpap-auto-bpap-resmart-gii","title":{"rendered":"BPAP \/ Auto BPAP \u2013 RESmart GII"},"content":{"rendered":"<ul>\n<li style=\"font-weight: 400;\" aria-level=\"1\"><span style=\"font-weight: 400;\">Ajuste autom\u00e1tico de fugas<\/span><\/li>\n<li style=\"font-weight: 400;\" aria-level=\"1\"><span style=\"font-weight: 400;\">Compensaci\u00f3n por altitud<\/span><\/li>\n<li style=\"font-weight: 400;\" aria-level=\"1\"><span style=\"font-weight: 400;\">Funci\u00f3n de retardo en el apagado \u2013 Protege al equipo GII BPAP RESmart de la\u00a0<\/span><\/li>\n<\/ul>\n<p><span style=\"font-weight: 400;\">humedad depositada en la tubuladura (con humidificador activo)<\/span><\/p>\n<ul>\n<li style=\"font-weight: 400;\" aria-level=\"1\"><span style=\"font-weight: 400;\">Funcionamiento silencioso<\/span><\/li>\n<li style=\"font-weight: 400;\" aria-level=\"1\"><span style=\"font-weight: 400;\">Pantalla LCD a color de 3.5 pulgadas.<\/span><\/li>\n<li style=\"font-weight: 400;\" aria-level=\"1\"><span style=\"font-weight: 400;\">Visualizaci\u00f3n de onda de presi\u00f3n y flujo en tiempo real<\/span><\/li>\n<li style=\"font-weight: 400;\" aria-level=\"1\"><span style=\"font-weight: 400;\">Tecnolog\u00eda Eco Smart con innovadora c\u00e1mara dual humidificadora<\/span><\/li>\n<li style=\"font-weight: 400;\" aria-level=\"1\"><span style=\"font-weight: 400;\">M\u00f3dulo SPO2 (Kit opcional): visualizaci\u00f3n de pulso y de saturaci\u00f3n de ox\u00edgeno en la sangre.<\/span><\/li>\n<li style=\"font-weight: 400;\" aria-level=\"1\"><span style=\"font-weight: 400;\">TI min \/ TI max asegura los tiempos inspiratorios mejorando los efectos del tratamiento.\u00a0<\/span><\/li>\n<li style=\"font-weight: 400;\" aria-level=\"1\"><span style=\"font-weight: 400;\">Fuente de Alimentaci\u00f3n Externa de 24 VC.<\/span><\/li>\n<\/ul>\n<table>\n<thead>\n<tr>\n<th>PRODUCTO<\/th>\n<th>MODELO<\/th>\n<th>MODO<\/th>\n<\/tr>\n<\/thead>\n<tbody>\n<tr>\n<td>BPAP<\/td>\n<td>T-25S<\/td>\n<td>CPAP, S<\/td>\n<\/tr>\n<tr>\n<td>BPAP<\/td>\n<td>T-25A<\/td>\n<td>CPAP, AUTO, S<\/td>\n<\/tr>\n<tr>\n<td>BPAP<\/td>\n<td>T-25T<\/td>\n<td>CPAP, S, T, S\/T<\/td>\n<\/tr>\n<tr>\n<td>BPAP<\/td>\n<td>Y-25T<\/td>\n<td>CPAP-S, AutoS, AutoCPAP, S\/T, T<\/td>\n<\/tr>\n<\/tbody>\n<\/table>\n<p><b>ALMACENAMIENTO DE DATOS<\/b><\/p>\n<ul>\n<li style=\"font-weight: 400;\" aria-level=\"1\"><span style=\"font-weight: 400;\">Con tarjeta de memoria SD (Incluida en la entrega de los equipos BMC) &#8211; Software BMC Resmart para PC .<\/span><\/li>\n<li style=\"font-weight: 400;\" aria-level=\"1\"><span style=\"font-weight: 400;\">Pap Link: Aplicaci\u00f3n Smartphone &#8211; <\/span><span style=\"font-weight: 400;\">Descargue la aplicaci\u00f3n gratuita en su tel\u00e9fono m\u00f3vil. Puede encontrarla en Google Play Store y Apple Store.<\/span><\/li>\n<\/ul>\n<p><span style=\"font-weight: 400;\">Icode: <\/span><a href=\"http:\/\/www.bmc-icode.com\/\"><span style=\"font-weight: 400;\">iCode Online (bmc-icode.com)<\/span><\/a><\/p>\n","protected":false},"excerpt":{"rendered":"<p><span style=\"font-weight: 400;\">El BPAP RESmart GII brinda una soluci\u00f3n de ventilaci\u00f3n no invasiva para pacientes que enfrentan insuficiencia respiratoria. Esta nueva generaci\u00f3n de dispositivos BMC GII se caracteriza por su pantalla LCD a color de 3.5 pulgadas, la cual ofrece una representaci\u00f3n en tiempo real de las ondas de presi\u00f3n y flujo. Adem\u00e1s, BMC ofrece la flexibilidad de incorporar un M\u00f3dulo SPO2 en el dispositivo BPAP, permitiendo la monitorizaci\u00f3n de los niveles de saturaci\u00f3n de ox\u00edgeno, tanto en la pantalla del equipo como en los informes m\u00e9dicos<\/span><\/p>\n<p>&nbsp;<\/p>\n","protected":false},"featured_media":11608,"template":"","meta":{"_joinchat":[]},"product_cat":[27,21,16],"product_tag":[],"class_list":{"0":"post-52","1":"product","2":"type-product","3":"status-publish","4":"has-post-thumbnail","6":"product_cat-bpap-auto-bpap","7":"product_cat-terapia-de-sueno","8":"product_cat-home-care","10":"first","11":"instock","12":"shipping-taxable","13":"product-type-simple"},"_links":{"self":[{"href":"https:\/\/sepid.com.ar\/test\/index.php?rest_route=\/wp\/v2\/product\/52","targetHints":{"allow":["GET"]}}],"collection":[{"href":"https:\/\/sepid.com.ar\/test\/index.php?rest_route=\/wp\/v2\/product"}],"about":[{"href":"https:\/\/sepid.com.ar\/test\/index.php?rest_route=\/wp\/v2\/types\/product"}],"version-history":[{"count":8,"href":"https:\/\/sepid.com.ar\/test\/index.php?rest_route=\/wp\/v2\/product\/52\/revisions"}],"predecessor-version":[{"id":12892,"href":"https:\/\/sepid.com.ar\/test\/index.php?rest_route=\/wp\/v2\/product\/52\/revisions\/12892"}],"wp:featuredmedia":[{"embeddable":true,"href":"https:\/\/sepid.com.ar\/test\/index.php?rest_route=\/wp\/v2\/media\/11608"}],"wp:attachment":[{"href":"https:\/\/sepid.com.ar\/test\/index.php?rest_route=%2Fwp%2Fv2%2Fmedia&parent=52"}],"wp:term":[{"taxonomy":"product_cat","embeddable":true,"href":"https:\/\/sepid.com.ar\/test\/index.php?rest_route=%2Fwp%2Fv2%2Fproduct_cat&post=52"},{"taxonomy":"product_tag","embeddable":true,"href":"https:\/\/sepid.com.ar\/test\/index.php?rest_route=%2Fwp%2Fv2%2Fproduct_tag&post=52"}],"curies":[{"name":"wp","href":"https:\/\/api.w.org\/{rel}","templated":true}]}}