{"id":48,"date":"2023-10-10T14:38:50","date_gmt":"2023-10-10T17:38:50","guid":{"rendered":"https:\/\/sepid.com.ar\/test\/?post_type=product&#038;p=48"},"modified":"2023-11-08T07:40:35","modified_gmt":"2023-11-08T10:40:35","slug":"oximetro-f02w","status":"publish","type":"product","link":"https:\/\/sepid.com.ar\/test\/?product=oximetro-f02w","title":{"rendered":"Oximetro F02W"},"content":{"rendered":"<p><b>Caracter\u00edsticas<\/b><\/p>\n<ul>\n<li style=\"font-weight: 400;\" aria-level=\"1\"><span style=\"font-weight: 400;\">Par\u00e1metros: SpO2+ PR + PI, Frecuencia de pulso en gr\u00e1fico de barras y de ondas.<\/span><\/li>\n<li style=\"font-weight: 400;\" aria-level=\"1\"><span style=\"font-weight: 400;\">Gran pantalla OLED con rotaci\u00f3n en las 4 direcciones.<\/span><\/li>\n<li style=\"font-weight: 400;\" aria-level=\"1\"><span style=\"font-weight: 400;\">Interfaz de operaci\u00f3n amigable con configuraci\u00f3n de alarma y modo Apagado autom\u00e1tico de 8s sin operaci\u00f3n.Alarma cuando los valores est\u00e1n por debajo de los valores programados.<\/span><\/li>\n<li style=\"font-weight: 400;\" aria-level=\"1\"><span style=\"font-weight: 400;\">Tecnolog\u00eda SpO2 superior con resultados m\u00e1s precisos.pulse waveform<\/span><\/li>\n<li style=\"font-weight: 400;\" aria-level=\"1\"><span style=\"font-weight: 400;\">Dise\u00f1o Antica\u00edda, a prueba de agua y polvo.<\/span><\/li>\n<li style=\"font-weight: 400;\" aria-level=\"1\"><span style=\"font-weight: 400;\">Dise\u00f1o ergon\u00f3mico y confortable siliconado.<\/span><\/li>\n<li style=\"font-weight: 400;\" aria-level=\"1\"><span style=\"font-weight: 400;\">\u00c1ngulo de apertura flexible, adaptable para cualquier dedo.<\/span><\/li>\n<li style=\"font-weight: 400;\" aria-level=\"1\"><span style=\"font-weight: 400;\">Funci\u00f3n de alarma visual y sonora, indicaci\u00f3n de sonido de frecuencia de pulso\u00a0<\/span><\/li>\n<li style=\"font-weight: 400;\" aria-level=\"1\"><span style=\"font-weight: 400;\">Bajo consumo de energ\u00eda (menos de 30 mA)<\/span><\/li>\n<\/ul>\n","protected":false},"excerpt":{"rendered":"<p><span style=\"font-weight: 400;\">Alta definici\u00f3n, interfaz amigable, apagado autom\u00e1tico. Gran pantalla LED con visualizaci\u00f3n de dos direcciones.\u00a0<\/span><\/p>\n","protected":false},"featured_media":12404,"template":"","meta":{"_joinchat":[]},"product_cat":[22,33,16],"product_tag":[],"class_list":{"0":"post-48","1":"product","2":"type-product","3":"status-publish","4":"has-post-thumbnail","6":"product_cat-oxigenoterapia","7":"product_cat-oximetro-de-pulso","8":"product_cat-home-care","10":"first","11":"instock","12":"shipping-taxable","13":"product-type-simple"},"_links":{"self":[{"href":"https:\/\/sepid.com.ar\/test\/index.php?rest_route=\/wp\/v2\/product\/48","targetHints":{"allow":["GET"]}}],"collection":[{"href":"https:\/\/sepid.com.ar\/test\/index.php?rest_route=\/wp\/v2\/product"}],"about":[{"href":"https:\/\/sepid.com.ar\/test\/index.php?rest_route=\/wp\/v2\/types\/product"}],"version-history":[{"count":3,"href":"https:\/\/sepid.com.ar\/test\/index.php?rest_route=\/wp\/v2\/product\/48\/revisions"}],"predecessor-version":[{"id":12993,"href":"https:\/\/sepid.com.ar\/test\/index.php?rest_route=\/wp\/v2\/product\/48\/revisions\/12993"}],"wp:featuredmedia":[{"embeddable":true,"href":"https:\/\/sepid.com.ar\/test\/index.php?rest_route=\/wp\/v2\/media\/12404"}],"wp:attachment":[{"href":"https:\/\/sepid.com.ar\/test\/index.php?rest_route=%2Fwp%2Fv2%2Fmedia&parent=48"}],"wp:term":[{"taxonomy":"product_cat","embeddable":true,"href":"https:\/\/sepid.com.ar\/test\/index.php?rest_route=%2Fwp%2Fv2%2Fproduct_cat&post=48"},{"taxonomy":"product_tag","embeddable":true,"href":"https:\/\/sepid.com.ar\/test\/index.php?rest_route=%2Fwp%2Fv2%2Fproduct_tag&post=48"}],"curies":[{"name":"wp","href":"https:\/\/api.w.org\/{rel}","templated":true}]}}