{"id":47,"date":"2023-10-10T14:38:24","date_gmt":"2023-10-10T17:38:24","guid":{"rendered":"https:\/\/sepid.com.ar\/test\/?post_type=product&#038;p=47"},"modified":"2023-11-17T13:33:40","modified_gmt":"2023-11-17T16:33:40","slug":"oximetro-f01t-c-bluetooh","status":"publish","type":"product","link":"https:\/\/sepid.com.ar\/test\/?product=oximetro-f01t-c-bluetooh","title":{"rendered":"Oximetro F01T Bluetooh"},"content":{"rendered":"<p><b>Caracter\u00edsticas:\u00a0<\/b><\/p>\n<ul>\n<li aria-level=\"1\">\u00a0Patr\u00f3n fresco y elegante, inteligente y ligero<\/li>\n<\/ul>\n<ul>\n<li aria-level=\"1\">\u00a0Aspecto de moda<\/li>\n<\/ul>\n<ul>\n<li aria-level=\"1\">\u00a0Pantalla de 4 direcciones<\/li>\n<\/ul>\n<ul>\n<li aria-level=\"1\">\u00a0Visualizaci\u00f3n de la forma de onda<\/li>\n<\/ul>\n<ul>\n<li aria-level=\"1\">\u00a0Pantalla OLED de 0,96\u2032, de alta resoluci\u00f3n<\/li>\n<\/ul>\n<ul>\n<li aria-level=\"1\">\u00a0Bater\u00eda de litio recargable en el edificio y carga por USB<\/li>\n<\/ul>\n<ul>\n<li aria-level=\"1\">\u00a0Bluetooth 4.0 opcional incorporado y soporte de APP<\/li>\n<\/ul>\n<ul>\n<li aria-level=\"1\">\u00a0Buen car\u00e1cter de anti-lucha<\/li>\n<\/ul>\n<ul>\n<li aria-level=\"1\">\u00a0Sigue funcionando correctamente incluso despu\u00e9s de caer desde el lugar alto de 1,2 m<\/li>\n<\/ul>\n<ul>\n<li aria-level=\"1\">\u00a0Cuerpo fino y ligero con 24 mm de grosor y 36 g de peso<\/li>\n<\/ul>\n<ul>\n<li aria-level=\"1\">\u00a0Adecuado para: Embarazadas, personas mayores, hombre deportista y persona con enfermedad pulmonar obstructiva cr\u00f3nica<\/li>\n<\/ul>\n<p>&nbsp;<\/p>\n","protected":false},"excerpt":{"rendered":"<p><span style=\"font-weight: 400;\">El Ox\u00edmetro de dedo F01T, es un dispositivo que utiliza un m\u00e9todo no invasivo para medir la saturaci\u00f3n de ox\u00edgeno en la sangre y la frecuencia del pulso<\/span><\/p>\n<p><span style=\"font-weight: 400;\">El principio se basa en las diferentes caracter\u00edsticas de absorci\u00f3n de luz de la hemoglobina y la oxihemoglobina en la sangre, se establece una f\u00f3rmula de experiencia del proceso de datos en las zonas de luz roja e infrarroja cercana, dos haces de luz de diferente longitud de onda se pueden enfocar en la punta de la u\u00f1a humana a trav\u00e9s del sensor.<\/span><\/p>\n","protected":false},"featured_media":12999,"template":"","meta":{"_joinchat":[]},"product_cat":[22,33,16],"product_tag":[],"class_list":{"0":"post-47","1":"product","2":"type-product","3":"status-publish","4":"has-post-thumbnail","6":"product_cat-oxigenoterapia","7":"product_cat-oximetro-de-pulso","8":"product_cat-home-care","10":"first","11":"instock","12":"shipping-taxable","13":"product-type-simple"},"_links":{"self":[{"href":"https:\/\/sepid.com.ar\/test\/index.php?rest_route=\/wp\/v2\/product\/47","targetHints":{"allow":["GET"]}}],"collection":[{"href":"https:\/\/sepid.com.ar\/test\/index.php?rest_route=\/wp\/v2\/product"}],"about":[{"href":"https:\/\/sepid.com.ar\/test\/index.php?rest_route=\/wp\/v2\/types\/product"}],"version-history":[{"count":4,"href":"https:\/\/sepid.com.ar\/test\/index.php?rest_route=\/wp\/v2\/product\/47\/revisions"}],"predecessor-version":[{"id":13068,"href":"https:\/\/sepid.com.ar\/test\/index.php?rest_route=\/wp\/v2\/product\/47\/revisions\/13068"}],"wp:featuredmedia":[{"embeddable":true,"href":"https:\/\/sepid.com.ar\/test\/index.php?rest_route=\/wp\/v2\/media\/12999"}],"wp:attachment":[{"href":"https:\/\/sepid.com.ar\/test\/index.php?rest_route=%2Fwp%2Fv2%2Fmedia&parent=47"}],"wp:term":[{"taxonomy":"product_cat","embeddable":true,"href":"https:\/\/sepid.com.ar\/test\/index.php?rest_route=%2Fwp%2Fv2%2Fproduct_cat&post=47"},{"taxonomy":"product_tag","embeddable":true,"href":"https:\/\/sepid.com.ar\/test\/index.php?rest_route=%2Fwp%2Fv2%2Fproduct_tag&post=47"}],"curies":[{"name":"wp","href":"https:\/\/api.w.org\/{rel}","templated":true}]}}