{"id":45,"date":"2023-10-10T14:37:40","date_gmt":"2023-10-10T17:37:40","guid":{"rendered":"https:\/\/sepid.com.ar\/test\/?post_type=product&#038;p=45"},"modified":"2023-11-07T15:52:19","modified_gmt":"2023-11-07T18:52:19","slug":"longfian-jay10d","status":"publish","type":"product","link":"https:\/\/sepid.com.ar\/test\/?product=longfian-jay10d","title":{"rendered":"Longfian Jay10D"},"content":{"rendered":"<p><span style=\"font-weight: 400;\">El equipo de \u00faltima generaci\u00f3n, concentrador port\u00e1til Longfian Jay 10D, es actualmente uno de los m\u00e1s peque\u00f1os y livianos equipos que produce ox\u00edgeno y ofrece una bater\u00eda extremadamente duradera. Fue dise\u00f1ada para proporcionar a sus usuarios el m\u00e1s alto nivel de independencia a la hora de realizar viajes tur\u00edsticos o por trabajo.<\/span><\/p>\n<p><span style=\"font-weight: 400;\">Es ideal para pacientes hip\u00f3xicos cuando salen de actividades, viajes o emergencias.\u00a0<\/span><\/p>\n<p><b>Caracter\u00edsticas<\/b><\/p>\n<ul>\n<li style=\"font-weight: 400;\" aria-level=\"1\"><span style=\"font-weight: 400;\">Ajustes de flujo de pulso mejorados 1-5, equivalente a 5 litros por minuto de flujo continuo de ox\u00edgeno.<\/span><\/li>\n<li style=\"font-weight: 400;\" aria-level=\"1\"><span style=\"font-weight: 400;\">Tama\u00f1o mini y peso ligero de solo 1,98 kg.<\/span><\/li>\n<li style=\"font-weight: 400;\" aria-level=\"1\"><span style=\"font-weight: 400;\">Bater\u00eda externa f\u00e1cil de quitar.<\/span><\/li>\n<li style=\"font-weight: 400;\" aria-level=\"1\"><span style=\"font-weight: 400;\">Bandolera resistente y c\u00f3moda.<\/span><\/li>\n<li style=\"font-weight: 400;\" aria-level=\"1\"><span style=\"font-weight: 400;\">Bater\u00eda recargable hasta 5,5 hs.<\/span><\/li>\n<\/ul>\n","protected":false},"excerpt":{"rendered":"<p><span style=\"font-weight: 400;\">El equipo de \u00faltima generaci\u00f3n, concentrador port\u00e1til Longfian Jay 10D, es actualmente uno de los m\u00e1s peque\u00f1os y livianos equipos que produce ox\u00edgeno y ofrece una bater\u00eda extremadamente duradera. Fue dise\u00f1ada para proporcionar a sus usuarios el m\u00e1s alto nivel de independencia a la hora de realizar viajes tur\u00edsticos o por trabajo.<\/span><\/p>\n","protected":false},"featured_media":12402,"template":"","meta":{"_joinchat":[]},"product_cat":[32,22,16],"product_tag":[],"class_list":{"0":"post-45","1":"product","2":"type-product","3":"status-publish","4":"has-post-thumbnail","6":"product_cat-concentradores-de-portatiles","7":"product_cat-oxigenoterapia","8":"product_cat-home-care","10":"first","11":"instock","12":"shipping-taxable","13":"product-type-simple"},"_links":{"self":[{"href":"https:\/\/sepid.com.ar\/test\/index.php?rest_route=\/wp\/v2\/product\/45","targetHints":{"allow":["GET"]}}],"collection":[{"href":"https:\/\/sepid.com.ar\/test\/index.php?rest_route=\/wp\/v2\/product"}],"about":[{"href":"https:\/\/sepid.com.ar\/test\/index.php?rest_route=\/wp\/v2\/types\/product"}],"version-history":[{"count":3,"href":"https:\/\/sepid.com.ar\/test\/index.php?rest_route=\/wp\/v2\/product\/45\/revisions"}],"predecessor-version":[{"id":12989,"href":"https:\/\/sepid.com.ar\/test\/index.php?rest_route=\/wp\/v2\/product\/45\/revisions\/12989"}],"wp:featuredmedia":[{"embeddable":true,"href":"https:\/\/sepid.com.ar\/test\/index.php?rest_route=\/wp\/v2\/media\/12402"}],"wp:attachment":[{"href":"https:\/\/sepid.com.ar\/test\/index.php?rest_route=%2Fwp%2Fv2%2Fmedia&parent=45"}],"wp:term":[{"taxonomy":"product_cat","embeddable":true,"href":"https:\/\/sepid.com.ar\/test\/index.php?rest_route=%2Fwp%2Fv2%2Fproduct_cat&post=45"},{"taxonomy":"product_tag","embeddable":true,"href":"https:\/\/sepid.com.ar\/test\/index.php?rest_route=%2Fwp%2Fv2%2Fproduct_tag&post=45"}],"curies":[{"name":"wp","href":"https:\/\/api.w.org\/{rel}","templated":true}]}}