{"id":44,"date":"2023-10-10T14:37:25","date_gmt":"2023-10-10T17:37:25","guid":{"rendered":"https:\/\/sepid.com.ar\/test\/?post_type=product&#038;p=44"},"modified":"2023-11-07T15:43:31","modified_gmt":"2023-11-07T18:43:31","slug":"inogen-g4","status":"publish","type":"product","link":"https:\/\/sepid.com.ar\/test\/?product=inogen-g4","title":{"rendered":"Inogen G4"},"content":{"rendered":"<p><span style=\"font-weight: 400;\">El Inogen One G4 es actualmente uno de los concentradores port\u00e1tiles m\u00e1s peque\u00f1os y livianos que produce ox\u00edgeno y ofrece una bater\u00eda duradera. Esta m\u00e1quina de ox\u00edgeno fue dise\u00f1ada para proporcionar a sus usuarios el m\u00e1s alto nivel de independencia. Es un concentrador port\u00e1til que se puede sostener con una mano y no requiere un carro rodante, opera con niveles de concentraci\u00f3n de ox\u00edgeno de alrededor del 93%.<\/span><\/p>\n","protected":false},"excerpt":{"rendered":"<p><span style=\"font-weight: 400;\">El Inogen One G4 es actualmente uno de los concentradores port\u00e1tiles m\u00e1s peque\u00f1os y livianos que produce ox\u00edgeno y ofrece una bater\u00eda duradera. Esta m\u00e1quina de ox\u00edgeno fue dise\u00f1ada para proporcionar a sus usuarios el m\u00e1s alto nivel de independencia. Es un concentrador port\u00e1til que se puede sostener con una mano y no requiere un carro rodante, opera con niveles de concentraci\u00f3n de ox\u00edgeno de alrededor del 93%.<\/span><\/p>\n","protected":false},"featured_media":12398,"template":"","meta":{"_joinchat":[]},"product_cat":[32,22,16],"product_tag":[],"class_list":{"0":"post-44","1":"product","2":"type-product","3":"status-publish","4":"has-post-thumbnail","6":"product_cat-concentradores-de-portatiles","7":"product_cat-oxigenoterapia","8":"product_cat-home-care","10":"first","11":"instock","12":"shipping-taxable","13":"product-type-simple"},"_links":{"self":[{"href":"https:\/\/sepid.com.ar\/test\/index.php?rest_route=\/wp\/v2\/product\/44","targetHints":{"allow":["GET"]}}],"collection":[{"href":"https:\/\/sepid.com.ar\/test\/index.php?rest_route=\/wp\/v2\/product"}],"about":[{"href":"https:\/\/sepid.com.ar\/test\/index.php?rest_route=\/wp\/v2\/types\/product"}],"version-history":[{"count":3,"href":"https:\/\/sepid.com.ar\/test\/index.php?rest_route=\/wp\/v2\/product\/44\/revisions"}],"predecessor-version":[{"id":12982,"href":"https:\/\/sepid.com.ar\/test\/index.php?rest_route=\/wp\/v2\/product\/44\/revisions\/12982"}],"wp:featuredmedia":[{"embeddable":true,"href":"https:\/\/sepid.com.ar\/test\/index.php?rest_route=\/wp\/v2\/media\/12398"}],"wp:attachment":[{"href":"https:\/\/sepid.com.ar\/test\/index.php?rest_route=%2Fwp%2Fv2%2Fmedia&parent=44"}],"wp:term":[{"taxonomy":"product_cat","embeddable":true,"href":"https:\/\/sepid.com.ar\/test\/index.php?rest_route=%2Fwp%2Fv2%2Fproduct_cat&post=44"},{"taxonomy":"product_tag","embeddable":true,"href":"https:\/\/sepid.com.ar\/test\/index.php?rest_route=%2Fwp%2Fv2%2Fproduct_tag&post=44"}],"curies":[{"name":"wp","href":"https:\/\/api.w.org\/{rel}","templated":true}]}}