{"id":40,"date":"2023-10-10T14:36:09","date_gmt":"2023-10-10T17:36:09","guid":{"rendered":"https:\/\/sepid.com.ar\/test\/?post_type=product&#038;p=40"},"modified":"2023-11-07T10:48:28","modified_gmt":"2023-11-07T13:48:28","slug":"longfian-jay-5","status":"publish","type":"product","link":"https:\/\/sepid.com.ar\/test\/?product=longfian-jay-5","title":{"rendered":"Longfian Jay-5"},"content":{"rendered":"<p><span style=\"font-weight: 400;\">El concentrador JAY-5 proporciona al usuario de 0 a 5 L\/M. Tratamientos de todo tipo de enfermedades respiratorias, sistema cardiovascular, enfermedad pulmonar obstructiva cr\u00f3nica (EPOC), sistema vascular cerebral, intoxicaciones por mon\u00f3xido de carbono y otras enfermedades de hipoxia. Es adecuado el uso en cl\u00ednicas, hospitales comunitarios, centros de salud y el hogar. Es aplicable en consultorios y cl\u00ednicas veterinarias.<\/span><\/p>\n","protected":false},"excerpt":{"rendered":"<p><span style=\"font-weight: 400;\">El Concentrador de Ox\u00edgeno Longfian JAY-5 es un dispositivo m\u00e9dico dise\u00f1ado para proporcionar ox\u00edgeno terap\u00e9utico a personas con insuficiencia respiratoria o problemas de salud que requieren una concentraci\u00f3n adicional de ox\u00edgeno en el aire que respiran.<\/span><\/p>\n","protected":false},"featured_media":12357,"template":"","meta":{"_joinchat":[]},"product_cat":[31,22,16],"product_tag":[],"class_list":{"0":"post-40","1":"product","2":"type-product","3":"status-publish","4":"has-post-thumbnail","6":"product_cat-concentradores-de-oxigeno","7":"product_cat-oxigenoterapia","8":"product_cat-home-care","10":"first","11":"instock","12":"shipping-taxable","13":"product-type-simple"},"_links":{"self":[{"href":"https:\/\/sepid.com.ar\/test\/index.php?rest_route=\/wp\/v2\/product\/40","targetHints":{"allow":["GET"]}}],"collection":[{"href":"https:\/\/sepid.com.ar\/test\/index.php?rest_route=\/wp\/v2\/product"}],"about":[{"href":"https:\/\/sepid.com.ar\/test\/index.php?rest_route=\/wp\/v2\/types\/product"}],"version-history":[{"count":3,"href":"https:\/\/sepid.com.ar\/test\/index.php?rest_route=\/wp\/v2\/product\/40\/revisions"}],"predecessor-version":[{"id":12959,"href":"https:\/\/sepid.com.ar\/test\/index.php?rest_route=\/wp\/v2\/product\/40\/revisions\/12959"}],"wp:featuredmedia":[{"embeddable":true,"href":"https:\/\/sepid.com.ar\/test\/index.php?rest_route=\/wp\/v2\/media\/12357"}],"wp:attachment":[{"href":"https:\/\/sepid.com.ar\/test\/index.php?rest_route=%2Fwp%2Fv2%2Fmedia&parent=40"}],"wp:term":[{"taxonomy":"product_cat","embeddable":true,"href":"https:\/\/sepid.com.ar\/test\/index.php?rest_route=%2Fwp%2Fv2%2Fproduct_cat&post=40"},{"taxonomy":"product_tag","embeddable":true,"href":"https:\/\/sepid.com.ar\/test\/index.php?rest_route=%2Fwp%2Fv2%2Fproduct_tag&post=40"}],"curies":[{"name":"wp","href":"https:\/\/api.w.org\/{rel}","templated":true}]}}