{"id":39,"date":"2023-10-10T14:35:17","date_gmt":"2023-10-10T17:35:17","guid":{"rendered":"https:\/\/sepid.com.ar\/test\/?post_type=product&#038;p=39"},"modified":"2023-11-07T15:29:19","modified_gmt":"2023-11-07T18:29:19","slug":"konsung-ksoc-10","status":"publish","type":"product","link":"https:\/\/sepid.com.ar\/test\/?product=konsung-ksoc-10","title":{"rendered":"Konsung Ksoc-10"},"content":{"rendered":"<p><span style=\"font-weight: 400;\">Concentrador de ox\u00edgeno que provee una salida de 10 l\/m, es un equipo silencioso y est\u00e1 fabricado con componentes de alta calidad.<\/span><span style=\"font-weight: 400;\"><br \/>\n<\/span><span style=\"font-weight: 400;\">Este concentrador de alta presi\u00f3n se utiliza principalmente para el sistema central de suministro de ox\u00edgeno en peque\u00f1as cl\u00ednicas, hospitales, ICU y quir\u00f3fanos. <\/span><\/p>\n","protected":false},"excerpt":{"rendered":"<p><span style=\"font-weight: 400;\">Concentrador de ox\u00edgeno que provee una salida de 10 l\/m, es un equipo silencioso y est\u00e1 fabricado con componentes de alta calidad.<\/span><\/p>\n<p><span style=\"font-weight: 400;\">Este concentrador de alta presi\u00f3n se utiliza principalmente para el sistema central de suministro de ox\u00edgeno en peque\u00f1as cl\u00ednicas, hospitales, ICU y quir\u00f3fanos. <\/span><\/p>\n","protected":false},"featured_media":12379,"template":"","meta":{"_joinchat":[]},"product_cat":[31,22,16],"product_tag":[],"class_list":{"0":"post-39","1":"product","2":"type-product","3":"status-publish","4":"has-post-thumbnail","6":"product_cat-concentradores-de-oxigeno","7":"product_cat-oxigenoterapia","8":"product_cat-home-care","10":"first","11":"instock","12":"shipping-taxable","13":"product-type-simple"},"_links":{"self":[{"href":"https:\/\/sepid.com.ar\/test\/index.php?rest_route=\/wp\/v2\/product\/39","targetHints":{"allow":["GET"]}}],"collection":[{"href":"https:\/\/sepid.com.ar\/test\/index.php?rest_route=\/wp\/v2\/product"}],"about":[{"href":"https:\/\/sepid.com.ar\/test\/index.php?rest_route=\/wp\/v2\/types\/product"}],"version-history":[{"count":3,"href":"https:\/\/sepid.com.ar\/test\/index.php?rest_route=\/wp\/v2\/product\/39\/revisions"}],"predecessor-version":[{"id":12966,"href":"https:\/\/sepid.com.ar\/test\/index.php?rest_route=\/wp\/v2\/product\/39\/revisions\/12966"}],"wp:featuredmedia":[{"embeddable":true,"href":"https:\/\/sepid.com.ar\/test\/index.php?rest_route=\/wp\/v2\/media\/12379"}],"wp:attachment":[{"href":"https:\/\/sepid.com.ar\/test\/index.php?rest_route=%2Fwp%2Fv2%2Fmedia&parent=39"}],"wp:term":[{"taxonomy":"product_cat","embeddable":true,"href":"https:\/\/sepid.com.ar\/test\/index.php?rest_route=%2Fwp%2Fv2%2Fproduct_cat&post=39"},{"taxonomy":"product_tag","embeddable":true,"href":"https:\/\/sepid.com.ar\/test\/index.php?rest_route=%2Fwp%2Fv2%2Fproduct_tag&post=39"}],"curies":[{"name":"wp","href":"https:\/\/api.w.org\/{rel}","templated":true}]}}