{"id":38,"date":"2023-10-10T14:35:03","date_gmt":"2023-10-10T17:35:03","guid":{"rendered":"https:\/\/sepid.com.ar\/test\/?post_type=product&#038;p=38"},"modified":"2023-11-07T15:34:55","modified_gmt":"2023-11-07T18:34:55","slug":"konsung-ksoc-5","status":"publish","type":"product","link":"https:\/\/sepid.com.ar\/test\/?product=konsung-ksoc-5","title":{"rendered":"Konsung Ksoc-5"},"content":{"rendered":"<p><b>Caracter\u00edsticas<\/b><\/p>\n<ul>\n<li style=\"font-weight: 400;\" aria-level=\"1\"><span style=\"font-weight: 400;\">La tecnolog\u00eda America PSA ofrece ox\u00edgeno natural<\/span><\/li>\n<li style=\"font-weight: 400;\" aria-level=\"1\"><span style=\"font-weight: 400;\">Compresor sin aceite confiable y duradero<\/span><\/li>\n<li style=\"font-weight: 400;\" aria-level=\"1\"><span style=\"font-weight: 400;\">Disponible 24 horas de trabajo continuo<\/span><\/li>\n<li style=\"font-weight: 400;\" aria-level=\"1\"><span style=\"font-weight: 400;\">Sistema de autodiagn\u00f3stico con indicaci\u00f3n de c\u00f3digo de error<\/span><\/li>\n<li style=\"font-weight: 400;\" aria-level=\"1\"><span style=\"font-weight: 400;\">Est\u00e1 dise\u00f1ado para la adquisici\u00f3n de ox\u00edgeno de alta pureza para uso m\u00e9dico.<\/span><\/li>\n<li style=\"font-weight: 400;\" aria-level=\"1\"><span style=\"font-weight: 400;\">La salida del rango de densidad de la serie KSOC-5: 0.5 L \/ min ~ 3L \/ min\u226592%; 4 l \/ min \u2265 91%; 5L \/ min \u2265 90%<\/span><\/li>\n<li style=\"font-weight: 400;\" aria-level=\"1\"><span style=\"font-weight: 400;\">Ahorro de energ\u00eda y econ\u00f3mico: m\u00e1s de 3 horas de inhalaciones de ox\u00edgeno solo necesitan 1 grado de electricidad.<\/span><\/li>\n<li style=\"font-weight: 400;\" aria-level=\"1\"><span style=\"font-weight: 400;\">El filtro de bacterias en el interior puede mantener alejadas el 99,999% de las bacterias en el aire.<\/span><\/li>\n<li style=\"font-weight: 400;\" aria-level=\"1\"><span style=\"font-weight: 400;\">Alarmas de alta \/ baja presi\u00f3n, falla de energ\u00eda y bloqueo de aire.<\/span><\/li>\n<li style=\"font-weight: 400;\" aria-level=\"1\"><span style=\"font-weight: 400;\">Protecci\u00f3n contra sobrecalentamiento y sobrecarga.<\/span><\/li>\n<\/ul>\n","protected":false},"excerpt":{"rendered":"<p><span style=\"font-weight: 400;\">El Concentrador de Ox\u00edgeno KSOC-5 se adapta a las necesidades del cliente, ofreciendo una gama de caracter\u00edsticas personalizables que incluyen alarma de voltaje, un indicador opcional de densidad de ox\u00edgeno, registro del tiempo de funcionamiento actual, horas totales de funcionamiento, funcionalidad de temporizaci\u00f3n, alarmas visuales y sonoras para apagado y alarma de presi\u00f3n.<\/span><\/p>\n","protected":false},"featured_media":12372,"template":"","meta":{"_joinchat":[]},"product_cat":[31,22,16],"product_tag":[],"class_list":{"0":"post-38","1":"product","2":"type-product","3":"status-publish","4":"has-post-thumbnail","6":"product_cat-concentradores-de-oxigeno","7":"product_cat-oxigenoterapia","8":"product_cat-home-care","10":"first","11":"instock","12":"shipping-taxable","13":"product-type-simple"},"_links":{"self":[{"href":"https:\/\/sepid.com.ar\/test\/index.php?rest_route=\/wp\/v2\/product\/38","targetHints":{"allow":["GET"]}}],"collection":[{"href":"https:\/\/sepid.com.ar\/test\/index.php?rest_route=\/wp\/v2\/product"}],"about":[{"href":"https:\/\/sepid.com.ar\/test\/index.php?rest_route=\/wp\/v2\/types\/product"}],"version-history":[{"count":3,"href":"https:\/\/sepid.com.ar\/test\/index.php?rest_route=\/wp\/v2\/product\/38\/revisions"}],"predecessor-version":[{"id":12973,"href":"https:\/\/sepid.com.ar\/test\/index.php?rest_route=\/wp\/v2\/product\/38\/revisions\/12973"}],"wp:featuredmedia":[{"embeddable":true,"href":"https:\/\/sepid.com.ar\/test\/index.php?rest_route=\/wp\/v2\/media\/12372"}],"wp:attachment":[{"href":"https:\/\/sepid.com.ar\/test\/index.php?rest_route=%2Fwp%2Fv2%2Fmedia&parent=38"}],"wp:term":[{"taxonomy":"product_cat","embeddable":true,"href":"https:\/\/sepid.com.ar\/test\/index.php?rest_route=%2Fwp%2Fv2%2Fproduct_cat&post=38"},{"taxonomy":"product_tag","embeddable":true,"href":"https:\/\/sepid.com.ar\/test\/index.php?rest_route=%2Fwp%2Fv2%2Fproduct_tag&post=38"}],"curies":[{"name":"wp","href":"https:\/\/api.w.org\/{rel}","templated":true}]}}