{"id":37,"date":"2023-10-10T14:34:15","date_gmt":"2023-10-10T17:34:15","guid":{"rendered":"https:\/\/sepid.com.ar\/test\/?post_type=product&#038;p=37"},"modified":"2023-11-03T09:21:21","modified_gmt":"2023-11-03T12:21:21","slug":"jay-120-analizador-de-oxigeno","status":"publish","type":"product","link":"https:\/\/sepid.com.ar\/test\/?product=jay-120-analizador-de-oxigeno","title":{"rendered":"Jay-120 analizador de Ox\u00edgeno"},"content":{"rendered":"","protected":false},"excerpt":{"rendered":"<ul>\n<li aria-level=\"1\">El analizador de ox\u00edgeno mide el flujo de concentraci\u00f3n de ox\u00edgeno utilizando tecnolog\u00eda de ultrasonido. Tiene las caracter\u00edsticas de alta precisi\u00f3n, fuerte capacidad anti-interferencia, respuesta r\u00e1pida, estabilidad a largo plazo sin necesidad de ajuste regular y larga vida \u00fatil.<\/li>\n<li aria-level=\"1\">La prueba de presi\u00f3n adopta m\u00f3dulos importados con alta precisi\u00f3n.<\/li>\n<\/ul>\n","protected":false},"featured_media":12384,"template":"","meta":{"_joinchat":[]},"product_cat":[31,22,16],"product_tag":[],"class_list":{"0":"post-37","1":"product","2":"type-product","3":"status-publish","4":"has-post-thumbnail","6":"product_cat-concentradores-de-oxigeno","7":"product_cat-oxigenoterapia","8":"product_cat-home-care","10":"first","11":"instock","12":"shipping-taxable","13":"product-type-simple"},"_links":{"self":[{"href":"https:\/\/sepid.com.ar\/test\/index.php?rest_route=\/wp\/v2\/product\/37","targetHints":{"allow":["GET"]}}],"collection":[{"href":"https:\/\/sepid.com.ar\/test\/index.php?rest_route=\/wp\/v2\/product"}],"about":[{"href":"https:\/\/sepid.com.ar\/test\/index.php?rest_route=\/wp\/v2\/types\/product"}],"version-history":[{"count":1,"href":"https:\/\/sepid.com.ar\/test\/index.php?rest_route=\/wp\/v2\/product\/37\/revisions"}],"predecessor-version":[{"id":12383,"href":"https:\/\/sepid.com.ar\/test\/index.php?rest_route=\/wp\/v2\/product\/37\/revisions\/12383"}],"wp:featuredmedia":[{"embeddable":true,"href":"https:\/\/sepid.com.ar\/test\/index.php?rest_route=\/wp\/v2\/media\/12384"}],"wp:attachment":[{"href":"https:\/\/sepid.com.ar\/test\/index.php?rest_route=%2Fwp%2Fv2%2Fmedia&parent=37"}],"wp:term":[{"taxonomy":"product_cat","embeddable":true,"href":"https:\/\/sepid.com.ar\/test\/index.php?rest_route=%2Fwp%2Fv2%2Fproduct_cat&post=37"},{"taxonomy":"product_tag","embeddable":true,"href":"https:\/\/sepid.com.ar\/test\/index.php?rest_route=%2Fwp%2Fv2%2Fproduct_tag&post=37"}],"curies":[{"name":"wp","href":"https:\/\/api.w.org\/{rel}","templated":true}]}}