{"id":35,"date":"2023-10-10T14:32:19","date_gmt":"2023-10-10T17:32:19","guid":{"rendered":"https:\/\/sepid.com.ar\/test\/?post_type=product&#038;p=35"},"modified":"2023-11-08T07:59:05","modified_gmt":"2023-11-08T10:59:05","slug":"aspirador-portatil-movivac-a-550-15-l-min","status":"publish","type":"product","link":"https:\/\/sepid.com.ar\/test\/?product=aspirador-portatil-movivac-a-550-15-l-min","title":{"rendered":"Aspirador port\u00e1til Movivac A-550 (15 L\/min)"},"content":{"rendered":"<ul>\n<li><span style=\"font-weight: 400;\">Es un dispositivo de succi\u00f3n compacto de bajo peso y port\u00e1til, dise\u00f1ado para ofrecer una operaci\u00f3n confiable y segura.\u00a0<\/span><\/li>\n<li><span style=\"font-weight: 400;\">El mismo dispone de diferentes formas de alimentaci\u00f3n que lo hacen adecuado su uso en ambulancias o durante el transporte intrahospitalario. <\/span><span style=\"font-weight: 400;\"><br \/>\n<\/span><span style=\"font-weight: 400;\">Posee alimentaci\u00f3n con bater\u00edas internas y adem\u00e1s posee un cable con ficha y adaptador para conectar con la bater\u00eda de un autom\u00f3vil.<\/span><\/li>\n<li><span style=\"font-weight: 400;\">Tambi\u00e9n posee alimentaci\u00f3n el\u00e9ctrica de Red, 220V C.A a trav\u00e9s de una fuente de alimentaci\u00f3n externa.<\/span><\/li>\n<li><span style=\"font-weight: 400;\">Al seguir los procedimientos recomendados de operaci\u00f3n y mantenimiento descritos en este manual, maximizar\u00e1 la vida \u00fatil del producto.<\/span><\/li>\n<li><span style=\"font-weight: 400;\">Fuente de alimentaci\u00f3n externa.<\/span><\/li>\n<\/ul>\n","protected":false},"excerpt":{"rendered":"<p><span style=\"font-weight: 400;\">Es un dispositivo de succi\u00f3n compacto de bajo peso y port\u00e1til, dise\u00f1ado para ofrecer una operaci\u00f3n confiable y segura.\u00a0<\/span><\/p>\n<p><span style=\"font-weight: 400;\">El mismo dispone de diferentes formas de alimentaci\u00f3n que lo hacen adecuado su uso en ambulancias o durante el transporte intrahospitalario. <\/span><\/p>\n","protected":false},"featured_media":12415,"template":"","meta":{"_joinchat":[]},"product_cat":[23,16],"product_tag":[],"class_list":{"0":"post-35","1":"product","2":"type-product","3":"status-publish","4":"has-post-thumbnail","6":"product_cat-aspiradores-portatiles","7":"product_cat-home-care","9":"first","10":"instock","11":"shipping-taxable","12":"product-type-simple"},"_links":{"self":[{"href":"https:\/\/sepid.com.ar\/test\/index.php?rest_route=\/wp\/v2\/product\/35","targetHints":{"allow":["GET"]}}],"collection":[{"href":"https:\/\/sepid.com.ar\/test\/index.php?rest_route=\/wp\/v2\/product"}],"about":[{"href":"https:\/\/sepid.com.ar\/test\/index.php?rest_route=\/wp\/v2\/types\/product"}],"version-history":[{"count":3,"href":"https:\/\/sepid.com.ar\/test\/index.php?rest_route=\/wp\/v2\/product\/35\/revisions"}],"predecessor-version":[{"id":13010,"href":"https:\/\/sepid.com.ar\/test\/index.php?rest_route=\/wp\/v2\/product\/35\/revisions\/13010"}],"wp:featuredmedia":[{"embeddable":true,"href":"https:\/\/sepid.com.ar\/test\/index.php?rest_route=\/wp\/v2\/media\/12415"}],"wp:attachment":[{"href":"https:\/\/sepid.com.ar\/test\/index.php?rest_route=%2Fwp%2Fv2%2Fmedia&parent=35"}],"wp:term":[{"taxonomy":"product_cat","embeddable":true,"href":"https:\/\/sepid.com.ar\/test\/index.php?rest_route=%2Fwp%2Fv2%2Fproduct_cat&post=35"},{"taxonomy":"product_tag","embeddable":true,"href":"https:\/\/sepid.com.ar\/test\/index.php?rest_route=%2Fwp%2Fv2%2Fproduct_tag&post=35"}],"curies":[{"name":"wp","href":"https:\/\/api.w.org\/{rel}","templated":true}]}}