{"id":34,"date":"2023-10-10T14:31:29","date_gmt":"2023-10-10T17:31:29","guid":{"rendered":"https:\/\/sepid.com.ar\/test\/?post_type=product&#038;p=34"},"modified":"2023-11-08T08:05:39","modified_gmt":"2023-11-08T11:05:39","slug":"aspirador-portatil-konsung-9e-a9e-b-18-l-min","status":"publish","type":"product","link":"https:\/\/sepid.com.ar\/test\/?product=aspirador-portatil-konsung-9e-a9e-b-18-l-min","title":{"rendered":"Aspirador port\u00e1til Konsung 9E-A9E-B (18 L\/min)"},"content":{"rendered":"<p><b>Caracter\u00edsticas:<\/b><\/p>\n<ul>\n<li style=\"font-weight: 400;\" aria-level=\"1\"><span style=\"font-weight: 400;\">Bomba de bajo consumo, silenciosa y un rendimiento de trabajo estable.\u00a0<\/span><\/li>\n<li style=\"font-weight: 400;\" aria-level=\"1\"><span style=\"font-weight: 400;\">Bomba de lubricaci\u00f3n sin aceite para evitar que el medio ambiente sea contaminado por el mismo.<\/span><\/li>\n<li style=\"font-weight: 400;\" aria-level=\"1\"><span style=\"font-weight: 400;\">Tecnolog\u00eda antidesbordamiento y gran caudal de bombeo.<\/span><\/li>\n<li style=\"font-weight: 400;\" aria-level=\"1\"><span style=\"font-weight: 400;\">Bater\u00eda recargable y entrada AC \/ DC.<\/span><\/li>\n<li style=\"font-weight: 400;\" aria-level=\"1\"><span style=\"font-weight: 400;\">Botella de policarbonato de 1000 ml inastillable y lavable.<\/span><\/li>\n<li style=\"font-weight: 400;\" aria-level=\"1\"><span style=\"font-weight: 400;\">Interruptor a prueba de agua y boquilla de bomba de metal.<\/span><\/li>\n<li style=\"font-weight: 400;\" aria-level=\"1\"><span style=\"font-weight: 400;\">Dise\u00f1o port\u00e1til, adecuado para uso en exteriores, ambulancias y emergencias.<\/span><\/li>\n<li style=\"font-weight: 400;\" aria-level=\"1\"><span style=\"font-weight: 400;\">Alto voltaje continuo. Presi\u00f3n negativa alta, flujo bajo, para que pueda proteger la mucosa lar\u00edngea de los pacientes y no permita que se lastime. Posee medidor de vac\u00edo de presi\u00f3n <\/span><\/li>\n<\/ul>\n","protected":false},"excerpt":{"rendered":"<p>El aspirador est\u00e1 dise\u00f1ado para la eliminaci\u00f3n de las mucosidades respiratorias retenidas y est\u00e1 destinado a ser utilizado por profesionales capacitados.<\/p>\n","protected":false},"featured_media":12420,"template":"","meta":{"_joinchat":[]},"product_cat":[23,16],"product_tag":[],"class_list":{"0":"post-34","1":"product","2":"type-product","3":"status-publish","4":"has-post-thumbnail","6":"product_cat-aspiradores-portatiles","7":"product_cat-home-care","9":"first","10":"instock","11":"shipping-taxable","12":"product-type-simple"},"_links":{"self":[{"href":"https:\/\/sepid.com.ar\/test\/index.php?rest_route=\/wp\/v2\/product\/34","targetHints":{"allow":["GET"]}}],"collection":[{"href":"https:\/\/sepid.com.ar\/test\/index.php?rest_route=\/wp\/v2\/product"}],"about":[{"href":"https:\/\/sepid.com.ar\/test\/index.php?rest_route=\/wp\/v2\/types\/product"}],"version-history":[{"count":4,"href":"https:\/\/sepid.com.ar\/test\/index.php?rest_route=\/wp\/v2\/product\/34\/revisions"}],"predecessor-version":[{"id":13014,"href":"https:\/\/sepid.com.ar\/test\/index.php?rest_route=\/wp\/v2\/product\/34\/revisions\/13014"}],"wp:featuredmedia":[{"embeddable":true,"href":"https:\/\/sepid.com.ar\/test\/index.php?rest_route=\/wp\/v2\/media\/12420"}],"wp:attachment":[{"href":"https:\/\/sepid.com.ar\/test\/index.php?rest_route=%2Fwp%2Fv2%2Fmedia&parent=34"}],"wp:term":[{"taxonomy":"product_cat","embeddable":true,"href":"https:\/\/sepid.com.ar\/test\/index.php?rest_route=%2Fwp%2Fv2%2Fproduct_cat&post=34"},{"taxonomy":"product_tag","embeddable":true,"href":"https:\/\/sepid.com.ar\/test\/index.php?rest_route=%2Fwp%2Fv2%2Fproduct_tag&post=34"}],"curies":[{"name":"wp","href":"https:\/\/api.w.org\/{rel}","templated":true}]}}