{"id":27,"date":"2023-10-10T14:26:21","date_gmt":"2023-10-10T17:26:21","guid":{"rendered":"https:\/\/sepid.com.ar\/test\/?post_type=product&#038;p=27"},"modified":"2023-10-26T15:06:38","modified_gmt":"2023-10-26T18:06:38","slug":"canulas-nasales","status":"publish","type":"product","link":"https:\/\/sepid.com.ar\/test\/?product=canulas-nasales","title":{"rendered":"Canulas Nasales"},"content":{"rendered":"","protected":false},"excerpt":{"rendered":"<h4>C\u00e1nula para Concentrador de ox\u00edgeno. Compatible con todos los modelos. En tama\u00f1o Neo, Pediatrico y Adulto.<\/h4>\n","protected":false},"featured_media":12441,"template":"","meta":{"_joinchat":[]},"product_cat":[24,16],"product_tag":[],"class_list":{"0":"post-27","1":"product","2":"type-product","3":"status-publish","4":"has-post-thumbnail","6":"product_cat-accesorios-varios","7":"product_cat-home-care","9":"first","10":"instock","11":"shipping-taxable","12":"product-type-simple"},"_links":{"self":[{"href":"https:\/\/sepid.com.ar\/test\/index.php?rest_route=\/wp\/v2\/product\/27","targetHints":{"allow":["GET"]}}],"collection":[{"href":"https:\/\/sepid.com.ar\/test\/index.php?rest_route=\/wp\/v2\/product"}],"about":[{"href":"https:\/\/sepid.com.ar\/test\/index.php?rest_route=\/wp\/v2\/types\/product"}],"version-history":[{"count":2,"href":"https:\/\/sepid.com.ar\/test\/index.php?rest_route=\/wp\/v2\/product\/27\/revisions"}],"predecessor-version":[{"id":12444,"href":"https:\/\/sepid.com.ar\/test\/index.php?rest_route=\/wp\/v2\/product\/27\/revisions\/12444"}],"wp:featuredmedia":[{"embeddable":true,"href":"https:\/\/sepid.com.ar\/test\/index.php?rest_route=\/wp\/v2\/media\/12441"}],"wp:attachment":[{"href":"https:\/\/sepid.com.ar\/test\/index.php?rest_route=%2Fwp%2Fv2%2Fmedia&parent=27"}],"wp:term":[{"taxonomy":"product_cat","embeddable":true,"href":"https:\/\/sepid.com.ar\/test\/index.php?rest_route=%2Fwp%2Fv2%2Fproduct_cat&post=27"},{"taxonomy":"product_tag","embeddable":true,"href":"https:\/\/sepid.com.ar\/test\/index.php?rest_route=%2Fwp%2Fv2%2Fproduct_tag&post=27"}],"curies":[{"name":"wp","href":"https:\/\/api.w.org\/{rel}","templated":true}]}}