{"id":12983,"date":"2023-11-07T15:48:32","date_gmt":"2023-11-07T18:48:32","guid":{"rendered":"https:\/\/sepid.com.ar\/test\/?post_type=product&#038;p=12983"},"modified":"2023-11-07T15:48:32","modified_gmt":"2023-11-07T18:48:32","slug":"mascara-buconasal-f6","status":"publish","type":"product","link":"https:\/\/sepid.com.ar\/test\/?product=mascara-buconasal-f6","title":{"rendered":"M\u00e1scara Buconasal F6"},"content":{"rendered":"<p><span style=\"font-weight: 400;\">F6 de BMC Medical es una elecci\u00f3n de confianza y comodidad para quienes buscan una soluci\u00f3n efectiva en la terapia de CPAP.<\/span><span style=\"font-weight: 400;\"><br \/>\n<\/span><span style=\"font-weight: 400;\">Su arn\u00e9s ajustable se adapta a todo tipo de cabezas, y su puerto exhalatorio mantiene el nivel de ruido bajo los 17 dB para evitar molestar a su compa\u00f1ero de sue\u00f1o.<\/span><\/p>\n<p><b>Caracter\u00edsticas:<\/b><\/p>\n<ul>\n<li style=\"font-weight: 400;\" aria-level=\"1\"><span style=\"font-weight: 400;\">Dise\u00f1o ergon\u00f3mico: La mascarilla facial F6 est\u00e1 dise\u00f1ada para adaptarse c\u00f3modamente a la forma de la cara, brindando un ajuste seguro y herm\u00e9tico.<\/span><\/li>\n<li style=\"font-weight: 400;\" aria-level=\"1\"><span style=\"font-weight: 400;\">Materiales de calidad: Fabricada con materiales suaves y de alta calidad, la mascarilla F6 es duradera y resistente al desgaste.<\/span><\/li>\n<li style=\"font-weight: 400;\" aria-level=\"1\"><span style=\"font-weight: 400;\">Almohadilla de silicona: Cuenta con una almohadilla de silicona suave y flexible que se adapta a los contornos faciales, brindando comodidad y sellado efectivo.<\/span><\/li>\n<li style=\"font-weight: 400;\" aria-level=\"1\"><span style=\"font-weight: 400;\">Correas ajustables: Las correas de sujeci\u00f3n son ajustables para garantizar un ajuste personalizado y seguro.<\/span><\/li>\n<li style=\"font-weight: 400;\" aria-level=\"1\"><span style=\"font-weight: 400;\">F\u00e1cil de limpiar: La mascarilla se desmonta f\u00e1cilmente para una limpieza r\u00e1pida y sencilla, lo que ayuda a mantener una buena higiene.<\/span><\/li>\n<li style=\"font-weight: 400;\" aria-level=\"1\"><span style=\"font-weight: 400;\">Compatibilidad con CPAP: La mascarilla facial F6 es compatible con sistemas de CPAP y garantiza un suministro constante de presi\u00f3n de aire durante la terapia.<\/span><\/li>\n<\/ul>\n<ul>\n<li style=\"font-weight: 400;\" aria-level=\"1\"><span style=\"font-weight: 400;\">Coj\u00edn nasal bajo: Su innovador coj\u00edn nasal ofrece libertad en el puente nasal y reduce la sensaci\u00f3n de claustrofobia.<\/span><\/li>\n<li style=\"font-weight: 400;\" aria-level=\"1\"><span style=\"font-weight: 400;\">Ventilaci\u00f3n silenciosa: Gracias a su sistema de ventilaci\u00f3n circular, la m\u00e1scara F6 mantiene un nivel de ruido bajo (17 dB [A]) y evita molestias al compa\u00f1ero de cama.<\/span><\/li>\n<li style=\"font-weight: 400;\" aria-level=\"1\"><span style=\"font-weight: 400;\">Dise\u00f1o modular: El marco principal es compatible con todos los tama\u00f1os de cojines, brindando flexibilidad y personalizaci\u00f3n.<\/span><\/li>\n<li style=\"font-weight: 400;\" aria-level=\"1\"><span style=\"font-weight: 400;\">Arn\u00e9s ajustable estilo corona: El arn\u00e9s ajustable se adapta a diversos tama\u00f1os de cabeza, ofreciendo una mayor inclusi\u00f3n y comodidad para diferentes usuarios.<\/span><\/li>\n<\/ul>\n","protected":false},"excerpt":{"rendered":"<p><span style=\"font-weight: 400;\">La m\u00e1scara F6 de BMC Medical, se distingue por su c\u00f3modo coj\u00edn que no ejerce presi\u00f3n en el tabique nasal, reduciendo la sensaci\u00f3n de claustrofobia y brindando una mayor libertad de movimiento durante la noche.<\/span><\/p>\n","protected":false},"featured_media":12984,"template":"","meta":{"_joinchat":[]},"product_cat":[29,21,16],"product_tag":[],"class_list":{"0":"post-12983","1":"product","2":"type-product","3":"status-publish","4":"has-post-thumbnail","6":"product_cat-mascaras-buconasales","7":"product_cat-terapia-de-sueno","8":"product_cat-home-care","10":"first","11":"instock","12":"shipping-taxable","13":"product-type-simple"},"_links":{"self":[{"href":"https:\/\/sepid.com.ar\/test\/index.php?rest_route=\/wp\/v2\/product\/12983","targetHints":{"allow":["GET"]}}],"collection":[{"href":"https:\/\/sepid.com.ar\/test\/index.php?rest_route=\/wp\/v2\/product"}],"about":[{"href":"https:\/\/sepid.com.ar\/test\/index.php?rest_route=\/wp\/v2\/types\/product"}],"version-history":[{"count":1,"href":"https:\/\/sepid.com.ar\/test\/index.php?rest_route=\/wp\/v2\/product\/12983\/revisions"}],"predecessor-version":[{"id":12986,"href":"https:\/\/sepid.com.ar\/test\/index.php?rest_route=\/wp\/v2\/product\/12983\/revisions\/12986"}],"wp:featuredmedia":[{"embeddable":true,"href":"https:\/\/sepid.com.ar\/test\/index.php?rest_route=\/wp\/v2\/media\/12984"}],"wp:attachment":[{"href":"https:\/\/sepid.com.ar\/test\/index.php?rest_route=%2Fwp%2Fv2%2Fmedia&parent=12983"}],"wp:term":[{"taxonomy":"product_cat","embeddable":true,"href":"https:\/\/sepid.com.ar\/test\/index.php?rest_route=%2Fwp%2Fv2%2Fproduct_cat&post=12983"},{"taxonomy":"product_tag","embeddable":true,"href":"https:\/\/sepid.com.ar\/test\/index.php?rest_route=%2Fwp%2Fv2%2Fproduct_tag&post=12983"}],"curies":[{"name":"wp","href":"https:\/\/api.w.org\/{rel}","templated":true}]}}