{"id":12934,"date":"2023-11-07T09:15:12","date_gmt":"2023-11-07T12:15:12","guid":{"rendered":"https:\/\/sepid.com.ar\/test\/?post_type=product&#038;p=12934"},"modified":"2023-11-07T09:15:12","modified_gmt":"2023-11-07T12:15:12","slug":"mascara-nasal-n6","status":"publish","type":"product","link":"https:\/\/sepid.com.ar\/test\/?product=mascara-nasal-n6","title":{"rendered":"M\u00e1scara Nasal N6"},"content":{"rendered":"<p><b>Caracter\u00edsticas<\/b><\/p>\n<ul>\n<li style=\"font-weight: 400;\" aria-level=\"1\"><span style=\"font-weight: 400;\">Coj\u00edn debajo de la nariz: El coj\u00edn innovador debajo de la nariz minimiza el contacto con la nariz para que no sea necesario ejercer presi\u00f3n sobre el puente nasal.<\/span><\/li>\n<li style=\"font-weight: 400;\" aria-level=\"1\"><span style=\"font-weight: 400;\">Ventilaci\u00f3n Circular: La ventilaci\u00f3n circular mantiene el ruido tan bajo como 20 dB (A) y, al mismo tiempo, protege a su compa\u00f1ero de cama para que el flujo de aire no lo moleste.<\/span><\/li>\n<li style=\"font-weight: 400;\" aria-level=\"1\"><span style=\"font-weight: 400;\">Dise\u00f1o Modular: El marco principal es compatible con todos los tama\u00f1os de cojines. Adem\u00e1s, la estructura simple con arn\u00e9s flexible hace que el ajuste, montaje, desmontaje y limpieza de la mascarilla nasal N6 sea lo m\u00e1s f\u00e1cil posible.<\/span><\/li>\n<li style=\"font-weight: 400;\" aria-level=\"1\"><span style=\"font-weight: 400;\">Arn\u00e9s Ajustable en Tres Puntos: El arn\u00e9s ajustable es apto para la mayor\u00eda de los tama\u00f1os de cabeza. Gama m\u00e1s amplia, m\u00e1s inclusi\u00f3n.<\/span><\/li>\n<li style=\"font-weight: 400;\" aria-level=\"1\"><span style=\"font-weight: 400;\">Ligereza: Un tama\u00f1o m\u00e1s peque\u00f1o y un casco m\u00e1s lindo ayudan a controlar el peso total de manera significativa. Dif\u00edcilmente se puede sentir la m\u00e1scara Pillows cuando la usa.<\/span><\/li>\n<\/ul>\n","protected":false},"excerpt":{"rendered":"<p><span style=\"font-weight: 400;\">La mascarilla nasal N6 de BMC Medical incorpora ventilaciones de dispersi\u00f3n circular que generan un menor nivel de ruido, contribuyendo as\u00ed a mejorar la calidad de su sue\u00f1o. Asimismo, la almohadilla situada bajo la nariz previene la aparici\u00f3n de manchas rojas en comparaci\u00f3n con las mascarillas nasales tradicionales.<\/span><\/p>\n","protected":false},"featured_media":12935,"template":"","meta":{"_joinchat":[]},"product_cat":[28,21,16],"product_tag":[],"class_list":{"0":"post-12934","1":"product","2":"type-product","3":"status-publish","4":"has-post-thumbnail","6":"product_cat-mascaras-nasales","7":"product_cat-terapia-de-sueno","8":"product_cat-home-care","10":"first","11":"instock","12":"shipping-taxable","13":"product-type-simple"},"_links":{"self":[{"href":"https:\/\/sepid.com.ar\/test\/index.php?rest_route=\/wp\/v2\/product\/12934","targetHints":{"allow":["GET"]}}],"collection":[{"href":"https:\/\/sepid.com.ar\/test\/index.php?rest_route=\/wp\/v2\/product"}],"about":[{"href":"https:\/\/sepid.com.ar\/test\/index.php?rest_route=\/wp\/v2\/types\/product"}],"version-history":[{"count":1,"href":"https:\/\/sepid.com.ar\/test\/index.php?rest_route=\/wp\/v2\/product\/12934\/revisions"}],"predecessor-version":[{"id":12937,"href":"https:\/\/sepid.com.ar\/test\/index.php?rest_route=\/wp\/v2\/product\/12934\/revisions\/12937"}],"wp:featuredmedia":[{"embeddable":true,"href":"https:\/\/sepid.com.ar\/test\/index.php?rest_route=\/wp\/v2\/media\/12935"}],"wp:attachment":[{"href":"https:\/\/sepid.com.ar\/test\/index.php?rest_route=%2Fwp%2Fv2%2Fmedia&parent=12934"}],"wp:term":[{"taxonomy":"product_cat","embeddable":true,"href":"https:\/\/sepid.com.ar\/test\/index.php?rest_route=%2Fwp%2Fv2%2Fproduct_cat&post=12934"},{"taxonomy":"product_tag","embeddable":true,"href":"https:\/\/sepid.com.ar\/test\/index.php?rest_route=%2Fwp%2Fv2%2Fproduct_tag&post=12934"}],"curies":[{"name":"wp","href":"https:\/\/api.w.org\/{rel}","templated":true}]}}