{"id":12923,"date":"2023-11-07T09:03:04","date_gmt":"2023-11-07T12:03:04","guid":{"rendered":"https:\/\/sepid.com.ar\/test\/?post_type=product&#038;p=12923"},"modified":"2023-11-07T09:07:58","modified_gmt":"2023-11-07T12:07:58","slug":"mascara-nasal-n5ah","status":"publish","type":"product","link":"https:\/\/sepid.com.ar\/test\/?product=mascara-nasal-n5ah","title":{"rendered":"M\u00e1scara Nasal N5AH"},"content":{"rendered":"<p><b>Descripci\u00f3n<\/b><\/p>\n<p><span style=\"font-weight: 400;\">La mascarilla nasal BMC N5AH no tiene soporte de frente, por lo que su campo de visi\u00f3n es completamente libre. El arn\u00e9s est\u00e1 hecho de un material suave y gracias a los clips su ajuste es de f\u00e1cil manipulaci\u00f3n para su adaptaci\u00f3n a la cabeza. La conexi\u00f3n para el tubo CPAP es muy flexible y puede girar 360 grados. Puede conectar la mascarilla a cualquier tubo CPAP est\u00e1ndar.<\/span><\/p>\n<p><b>Caracter\u00edsticas<\/b><\/p>\n<ul>\n<li style=\"font-weight: 400;\" aria-level=\"1\"><span style=\"font-weight: 400;\">El dise\u00f1o sin marco en la frente ampl\u00eda el horizonte y ampl\u00eda la libertad.<\/span><\/li>\n<li style=\"font-weight: 400;\" aria-level=\"1\"><span style=\"font-weight: 400;\">El contacto natural y r\u00e1pido se consigue f\u00e1cilmente con el coj\u00edn con ajuste ranurado.<\/span><\/li>\n<li style=\"font-weight: 400;\" aria-level=\"1\"><span style=\"font-weight: 400;\">Hay dos tabletas de humidificaci\u00f3n disponibles para diferentes entornos.<\/span><\/li>\n<li style=\"font-weight: 400;\" aria-level=\"1\"><span style=\"font-weight: 400;\">HU es capaz de cumplir con la mayor\u00eda de sus requisitos, mientras que HU-Plus solo est\u00e1 dise\u00f1ado para su uso en \u00e1reas de gran altitud.<\/span><\/li>\n<li style=\"font-weight: 400;\" aria-level=\"1\"><span style=\"font-weight: 400;\">El filtro mantiene el flujo de aire alejado de su compa\u00f1ero de cama y mantiene el silencio para dormir mejor.<\/span><\/li>\n<li style=\"font-weight: 400;\" aria-level=\"1\"><span style=\"font-weight: 400;\">El giro de 360\u00b0 permite al usuario colocar o soltar el tubo r\u00e1pidamente. Tambi\u00e9n es compatible con varios manguitos tubulares.<\/span><\/li>\n<\/ul>\n","protected":false},"excerpt":{"rendered":"<p><span style=\"font-weight: 400;\">La mascarilla nasal BMC N5AH no tiene soporte de frente, por lo que su campo de visi\u00f3n es completamente libre. El arn\u00e9s est\u00e1 hecho de un material suave y gracias a los clips su ajuste es de f\u00e1cil manipulaci\u00f3n para su adaptaci\u00f3n a la cabeza. La conexi\u00f3n para el tubo CPAP es muy flexible y puede girar 360 grados. Puede conectar la mascarilla a cualquier tubo CPAP est\u00e1ndar.<\/span><\/p>\n","protected":false},"featured_media":12925,"template":"","meta":{"_joinchat":[]},"product_cat":[28,21,16],"product_tag":[],"class_list":{"0":"post-12923","1":"product","2":"type-product","3":"status-publish","4":"has-post-thumbnail","6":"product_cat-mascaras-nasales","7":"product_cat-terapia-de-sueno","8":"product_cat-home-care","10":"first","11":"instock","12":"shipping-taxable","13":"product-type-simple"},"_links":{"self":[{"href":"https:\/\/sepid.com.ar\/test\/index.php?rest_route=\/wp\/v2\/product\/12923","targetHints":{"allow":["GET"]}}],"collection":[{"href":"https:\/\/sepid.com.ar\/test\/index.php?rest_route=\/wp\/v2\/product"}],"about":[{"href":"https:\/\/sepid.com.ar\/test\/index.php?rest_route=\/wp\/v2\/types\/product"}],"version-history":[{"count":3,"href":"https:\/\/sepid.com.ar\/test\/index.php?rest_route=\/wp\/v2\/product\/12923\/revisions"}],"predecessor-version":[{"id":12928,"href":"https:\/\/sepid.com.ar\/test\/index.php?rest_route=\/wp\/v2\/product\/12923\/revisions\/12928"}],"wp:featuredmedia":[{"embeddable":true,"href":"https:\/\/sepid.com.ar\/test\/index.php?rest_route=\/wp\/v2\/media\/12925"}],"wp:attachment":[{"href":"https:\/\/sepid.com.ar\/test\/index.php?rest_route=%2Fwp%2Fv2%2Fmedia&parent=12923"}],"wp:term":[{"taxonomy":"product_cat","embeddable":true,"href":"https:\/\/sepid.com.ar\/test\/index.php?rest_route=%2Fwp%2Fv2%2Fproduct_cat&post=12923"},{"taxonomy":"product_tag","embeddable":true,"href":"https:\/\/sepid.com.ar\/test\/index.php?rest_route=%2Fwp%2Fv2%2Fproduct_tag&post=12923"}],"curies":[{"name":"wp","href":"https:\/\/api.w.org\/{rel}","templated":true}]}}