{"id":12917,"date":"2023-11-07T08:57:07","date_gmt":"2023-11-07T11:57:07","guid":{"rendered":"https:\/\/sepid.com.ar\/test\/?post_type=product&#038;p=12917"},"modified":"2023-11-07T09:00:59","modified_gmt":"2023-11-07T12:00:59","slug":"mascara-nasal-p2h","status":"publish","type":"product","link":"https:\/\/sepid.com.ar\/test\/?product=mascara-nasal-p2h","title":{"rendered":"M\u00e1scara Nasal P2H"},"content":{"rendered":"<p><b>Caracter\u00edsticas:<\/b><\/p>\n<ul>\n<li style=\"font-weight: 400;\" aria-level=\"1\"><span style=\"font-weight: 400;\">Dise\u00f1o minimalista, f\u00e1cil de limpiar, montar y colocar.<\/span><\/li>\n<li style=\"font-weight: 400;\" aria-level=\"1\"><span style=\"font-weight: 400;\">La ligereza hace que todo est\u00e9 bajo control.<\/span><\/li>\n<li style=\"font-weight: 400;\" aria-level=\"1\"><span style=\"font-weight: 400;\">El dise\u00f1o de visi\u00f3n amplia contribuye a una lectura c\u00f3moda.<\/span><\/li>\n<li style=\"font-weight: 400;\" aria-level=\"1\"><span style=\"font-weight: 400;\">Hay 3 tama\u00f1os de cojines disponibles para su opci\u00f3n adecuada.<\/span><\/li>\n<\/ul>\n<p><b>HU \/ HU-Plus<\/b><\/p>\n<ul>\n<li style=\"font-weight: 400;\" aria-level=\"1\"><span style=\"font-weight: 400;\">El filtro mantiene el flujo de aire alejado de su compa\u00f1ero de cama y mantiene el silencio para dormir mejor.<\/span><\/li>\n<li style=\"font-weight: 400;\" aria-level=\"1\"><span style=\"font-weight: 400;\">El giro de 360\u00b0 permite al usuario colocar o soltar el tubo r\u00e1pidamente. Tambi\u00e9n es compatible con varios manguitos tubulares.<\/span><\/li>\n<\/ul>\n","protected":false},"excerpt":{"rendered":"<p><span style=\"font-weight: 400;\">En comparaci\u00f3n con la mascarilla convencional, la mascarilla de humidificaci\u00f3n sin agua, mejora significativamente la comodidad del usuario, al convertir el humidificador t\u00e9rmico en un kit de humidificaci\u00f3n sin agua integrado en la mascarilla.<\/span><b>\u00a0<\/b><\/p>\n","protected":false},"featured_media":12919,"template":"","meta":{"_joinchat":[]},"product_cat":[28,21,16],"product_tag":[],"class_list":{"0":"post-12917","1":"product","2":"type-product","3":"status-publish","4":"has-post-thumbnail","6":"product_cat-mascaras-nasales","7":"product_cat-terapia-de-sueno","8":"product_cat-home-care","10":"first","11":"instock","12":"shipping-taxable","13":"product-type-simple"},"_links":{"self":[{"href":"https:\/\/sepid.com.ar\/test\/index.php?rest_route=\/wp\/v2\/product\/12917","targetHints":{"allow":["GET"]}}],"collection":[{"href":"https:\/\/sepid.com.ar\/test\/index.php?rest_route=\/wp\/v2\/product"}],"about":[{"href":"https:\/\/sepid.com.ar\/test\/index.php?rest_route=\/wp\/v2\/types\/product"}],"version-history":[{"count":3,"href":"https:\/\/sepid.com.ar\/test\/index.php?rest_route=\/wp\/v2\/product\/12917\/revisions"}],"predecessor-version":[{"id":12922,"href":"https:\/\/sepid.com.ar\/test\/index.php?rest_route=\/wp\/v2\/product\/12917\/revisions\/12922"}],"wp:featuredmedia":[{"embeddable":true,"href":"https:\/\/sepid.com.ar\/test\/index.php?rest_route=\/wp\/v2\/media\/12919"}],"wp:attachment":[{"href":"https:\/\/sepid.com.ar\/test\/index.php?rest_route=%2Fwp%2Fv2%2Fmedia&parent=12917"}],"wp:term":[{"taxonomy":"product_cat","embeddable":true,"href":"https:\/\/sepid.com.ar\/test\/index.php?rest_route=%2Fwp%2Fv2%2Fproduct_cat&post=12917"},{"taxonomy":"product_tag","embeddable":true,"href":"https:\/\/sepid.com.ar\/test\/index.php?rest_route=%2Fwp%2Fv2%2Fproduct_tag&post=12917"}],"curies":[{"name":"wp","href":"https:\/\/api.w.org\/{rel}","templated":true}]}}