{"id":12818,"date":"2023-11-03T12:21:23","date_gmt":"2023-11-03T15:21:23","guid":{"rendered":"https:\/\/sepid.com.ar\/test\/?post_type=product&#038;p=12818"},"modified":"2023-11-06T09:07:40","modified_gmt":"2023-11-06T12:07:40","slug":"polisomnografo-polypro-h2-pro","status":"publish","type":"product","link":"https:\/\/sepid.com.ar\/test\/?product=polisomnografo-polypro-h2-pro","title":{"rendered":"Polisomnografo Polypro H2 Pro"},"content":{"rendered":"<p><span style=\"font-weight: 400;\">Con una investigaci\u00f3n de casi 20 a\u00f1os en terapia de sue\u00f1o y respiraci\u00f3n, BMC ha desarrollado una serie de equipos de diagn\u00f3stico.<\/span><\/p>\n<p><span style=\"font-weight: 400;\">Esta nueva l\u00ednea de equipos de diagn\u00f3stico BMC, superan las normas AASM. A trav\u00e9s del Polimn\u00f3grafo, podr\u00e1 realizar una investigaci\u00f3n cient\u00edfica de la rutina del sue\u00f1o de los pacientes, evaluando el \u00edndice de riesgo cardiovascular y cerebrovascular. Adem\u00e1s, cumple con aplicaciones en varios niveles, determina un plan de tratamiento e investigaci\u00f3n del sue\u00f1o para satisfacer las diferentes necesidades de monitoreo cl\u00ednico.<\/span><\/p>\n","protected":false},"excerpt":{"rendered":"<p><span style=\"font-weight: 400;\">Polypro H2 es un Sistema port\u00e1til para diagn\u00f3stico de Sue\u00f1o \/ Polisomnograf\u00eda. Es un equipo liviano y de operaci\u00f3n simple que brinda una novedosa experiencia a los profesionales.<\/span><\/p>\n","protected":false},"featured_media":12820,"template":"","meta":{"_joinchat":[]},"product_cat":[25,21,16],"product_tag":[],"class_list":{"0":"post-12818","1":"product","2":"type-product","3":"status-publish","4":"has-post-thumbnail","6":"product_cat-diagnostico-de-sueno","7":"product_cat-terapia-de-sueno","8":"product_cat-home-care","10":"first","11":"instock","12":"shipping-taxable","13":"product-type-simple"},"_links":{"self":[{"href":"https:\/\/sepid.com.ar\/test\/index.php?rest_route=\/wp\/v2\/product\/12818","targetHints":{"allow":["GET"]}}],"collection":[{"href":"https:\/\/sepid.com.ar\/test\/index.php?rest_route=\/wp\/v2\/product"}],"about":[{"href":"https:\/\/sepid.com.ar\/test\/index.php?rest_route=\/wp\/v2\/types\/product"}],"version-history":[{"count":3,"href":"https:\/\/sepid.com.ar\/test\/index.php?rest_route=\/wp\/v2\/product\/12818\/revisions"}],"predecessor-version":[{"id":12841,"href":"https:\/\/sepid.com.ar\/test\/index.php?rest_route=\/wp\/v2\/product\/12818\/revisions\/12841"}],"wp:featuredmedia":[{"embeddable":true,"href":"https:\/\/sepid.com.ar\/test\/index.php?rest_route=\/wp\/v2\/media\/12820"}],"wp:attachment":[{"href":"https:\/\/sepid.com.ar\/test\/index.php?rest_route=%2Fwp%2Fv2%2Fmedia&parent=12818"}],"wp:term":[{"taxonomy":"product_cat","embeddable":true,"href":"https:\/\/sepid.com.ar\/test\/index.php?rest_route=%2Fwp%2Fv2%2Fproduct_cat&post=12818"},{"taxonomy":"product_tag","embeddable":true,"href":"https:\/\/sepid.com.ar\/test\/index.php?rest_route=%2Fwp%2Fv2%2Fproduct_tag&post=12818"}],"curies":[{"name":"wp","href":"https:\/\/api.w.org\/{rel}","templated":true}]}}